{"id":1174,"date":"2023-10-25T11:16:21","date_gmt":"2023-10-25T09:16:21","guid":{"rendered":"http:\/\/simonpotmn.cluster020.hosting.ovh.net\/?page_id=1174"},"modified":"2023-11-29T20:50:25","modified_gmt":"2023-11-29T19:50:25","slug":"consulting","status":"publish","type":"page","link":"https:\/\/simonpotier.fr\/index.php\/consulting\/","title":{"rendered":"Conseils"},"content":{"rendered":"\t\t<div data-elementor-type=\"wp-page\" data-elementor-id=\"1174\" class=\"elementor elementor-1174\">\n\t\t\t\t<div class=\"elementor-element elementor-element-9457e16 e-flex e-con-boxed parallax_section_no qode_elementor_container_no e-con e-parent\" data-id=\"9457e16\" data-element_type=\"container\">\n\t\t\t\t\t<div class=\"e-con-inner\">\n\t\t\t\t<div class=\"elementor-element elementor-element-3d300ae elementor-widget elementor-widget-heading\" data-id=\"3d300ae\" data-element_type=\"widget\" data-widget_type=\"heading.default\">\n\t\t\t\t<div class=\"elementor-widget-container\">\n\t\t\t\t\t<h2 class=\"elementor-heading-title elementor-size-default\"><h2 data-elementor-setting-key=\"title\" data-pen-placeholder=\"Type Here...\" style=\"font-weight: var( --e-global-typography-primary-font-weight );font-family: var( --e-global-typography-primary-font-family ), Sans-serif\"><\/h2><h3 data-elementor-setting-key=\"title\" data-pen-placeholder=\"Type Here...\" style=\"font-weight: var( --e-global-typography-primary-font-weight );font-family: var( --e-global-typography-primary-font-family ), Sans-serif\"><span style=\"font-family: var( --e-global-typography-primary-font-family ), Sans-serif;font-weight: var( --e-global-typography-primary-font-weight );text-align: var(--text-align)\"><font color=\"#c89454\">Une expertise unique !<\/font><\/span><\/h3><\/h2>\t\t\t\t<\/div>\n\t\t\t\t<\/div>\n\t\t\t\t\t<\/div>\n\t\t\t\t<\/div>\n\t\t<div class=\"elementor-element elementor-element-da3ceae e-flex e-con-boxed parallax_section_no qode_elementor_container_no e-con e-parent\" data-id=\"da3ceae\" data-element_type=\"container\">\n\t\t\t\t\t<div class=\"e-con-inner\">\n\t\t\t\t<div class=\"elementor-element elementor-element-f6fe595 elementor-widget elementor-widget-text-editor\" data-id=\"f6fe595\" data-element_type=\"widget\" data-widget_type=\"text-editor.default\">\n\t\t\t\t<div class=\"elementor-widget-container\">\n\t\t\t\t\t\t\t\t\t<p>Au cours de mon cursus universitaire et professionnel, j&#8217;ai pu d\u00e9velopper des comp\u00e9tences uniques. Je mets d\u00e9sormais celles-ci au service de vos besoins. Ces comp\u00e9tences diversifi\u00e9es permettront de r\u00e9fl\u00e9chir \u00e0 l&#8217;am\u00e9lioration du bien-\u00eatre des individus pr\u00e9sent\u00e9s en captivit\u00e9, d&#8217;am\u00e9liorer la protection de l&#8217;avifaune en r\u00e9duisant les collisions avec les dispositifs anthropiques ou encore d&#8217;avoir des outils scientifiques afin d&#8217;am\u00e9liorer la communication au sein de votre structure.<\/p>\t\t\t\t\t\t\t\t<\/div>\n\t\t\t\t<\/div>\n\t\t\t\t\t<\/div>\n\t\t\t\t<\/div>\n\t\t<div class=\"elementor-element elementor-element-4e0d998 e-flex e-con-boxed parallax_section_no qode_elementor_container_no e-con e-parent\" data-id=\"4e0d998\" data-element_type=\"container\">\n\t\t\t\t\t<div class=\"e-con-inner\">\n\t\t\t\t<div class=\"elementor-element elementor-element-3709131 elementor-widget elementor-widget-text-editor\" data-id=\"3709131\" data-element_type=\"widget\" data-widget_type=\"text-editor.default\">\n\t\t\t\t<div class=\"elementor-widget-container\">\n\t\t\t\t\t\t\t\t\t<h4>Une multitude d&#8217;expertise permettant de s&#8217;adapter \u00e0 chaque projet unique !<\/h4>\t\t\t\t\t\t\t\t<\/div>\n\t\t\t\t<\/div>\n\t\t\t\t\t<\/div>\n\t\t\t\t<\/div>\n\t\t<div class=\"elementor-element elementor-element-998fa30 e-flex e-con-boxed parallax_section_no qode_elementor_container_no e-con e-parent\" data-id=\"998fa30\" data-element_type=\"container\">\n\t\t\t\t\t<div class=\"e-con-inner\">\n\t\t<div class=\"elementor-element elementor-element-42f395e e-con-full e-flex parallax_section_no qode_elementor_container_no e-con e-child\" data-id=\"42f395e\" data-element_type=\"container\">\n\t\t\t\t<div class=\"elementor-element elementor-element-4086293 elementor-widget elementor-widget-qi_addons_for_elementor_interactive_banner\" data-id=\"4086293\" data-element_type=\"widget\" data-widget_type=\"qi_addons_for_elementor_interactive_banner.default\">\n\t\t\t\t<div class=\"elementor-widget-container\">\n\t\t\t\t\t<div class=\"qodef-shortcode qodef-m  qodef-qi-interactive-banner qodef-layout--standard \">\n\t<div class=\"qodef-m-image\">\n\t<img fetchpriority=\"high\" decoding=\"async\" width=\"650\" height=\"650\" src=\"https:\/\/simonpotier.fr\/wp-content\/uploads\/2023\/11\/lum_noire-650x650.jpg\" class=\"attachment-qi_addons_for_elementor_image_size_square size-qi_addons_for_elementor_image_size_square\" alt=\"\" srcset=\"https:\/\/simonpotier.fr\/wp-content\/uploads\/2023\/11\/lum_noire-650x650.jpg 650w, https:\/\/simonpotier.fr\/wp-content\/uploads\/2023\/11\/lum_noire-150x150.jpg 150w, https:\/\/simonpotier.fr\/wp-content\/uploads\/2023\/11\/lum_noire-570x570.jpg 570w, https:\/\/simonpotier.fr\/wp-content\/uploads\/2023\/11\/lum_noire-500x500.jpg 500w\" sizes=\"(max-width: 650px) 100vw, 650px\" \/><\/div>\n\t<div class=\"qodef-m-content\">\n\t\t<div class=\"qodef-m-content-inner\">\n\t\t\t\t\t\t\t<h3 class=\"qodef-m-title\">\n\t\tBien-\u00eatre et lumi\u00e8re artificielle\t<\/h3>\n\t\t\t\t<div class=\"qodef-m-button\">\n\t\t<a class=\"qodef-shortcode qodef-m  qodef-qi-button qodef-html--link qodef-layout--filled qodef-type--standard   qodef-icon--right qodef-hover--icon-move-horizontal-short     \" href=\"http:\/\/simonpotier.fr\/index.php\/bien-etre-et-lumiere-artificielle\/\" target=\"_self\">\t<span class=\"qodef-m-text\">En savoir plus<\/span>\t<\/a>\t<\/div>\n\t\t<\/div>\n\t<\/div>\n\t<a itemprop=\"url\" href=\"http:\/\/simonpotier.fr\/index.php\/bien-etre-et-lumiere-artificielle\/\" class=\"qodef-m-banner-link\" target=\"_self\"><\/a>\n<\/div>\n\t\t\t\t<\/div>\n\t\t\t\t<\/div>\n\t\t\t\t<\/div>\n\t\t<div class=\"elementor-element elementor-element-7fe376f e-con-full e-flex parallax_section_no qode_elementor_container_no e-con e-child\" data-id=\"7fe376f\" data-element_type=\"container\">\n\t\t\t\t<div class=\"elementor-element elementor-element-ec64cfa elementor-widget elementor-widget-qi_addons_for_elementor_interactive_banner\" data-id=\"ec64cfa\" data-element_type=\"widget\" data-widget_type=\"qi_addons_for_elementor_interactive_banner.default\">\n\t\t\t\t<div class=\"elementor-widget-container\">\n\t\t\t\t\t<div class=\"qodef-shortcode qodef-m  qodef-qi-interactive-banner qodef-layout--standard \">\n\t<div class=\"qodef-m-image\">\n\t<img decoding=\"async\" width=\"650\" height=\"650\" src=\"https:\/\/simonpotier.fr\/wp-content\/uploads\/2023\/11\/plan_noir-650x650.jpg\" class=\"attachment-qi_addons_for_elementor_image_size_square size-qi_addons_for_elementor_image_size_square\" alt=\"\" srcset=\"https:\/\/simonpotier.fr\/wp-content\/uploads\/2023\/11\/plan_noir-650x650.jpg 650w, https:\/\/simonpotier.fr\/wp-content\/uploads\/2023\/11\/plan_noir-150x150.jpg 150w, https:\/\/simonpotier.fr\/wp-content\/uploads\/2023\/11\/plan_noir-570x570.jpg 570w, https:\/\/simonpotier.fr\/wp-content\/uploads\/2023\/11\/plan_noir-500x500.jpg 500w\" sizes=\"(max-width: 650px) 100vw, 650px\" \/><\/div>\n\t<div class=\"qodef-m-content\">\n\t\t<div class=\"qodef-m-content-inner\">\n\t\t\t\t\t\t\t<h3 class=\"qodef-m-title\">\n\t\tDesign des voli\u00e8res\t<\/h3>\n\t\t\t\t<div class=\"qodef-m-button\">\n\t\t<a class=\"qodef-shortcode qodef-m  qodef-qi-button qodef-html--link qodef-layout--filled qodef-type--standard   qodef-icon--right qodef-hover--icon-move-horizontal-short     \" href=\"http:\/\/simonpotier.fr\/index.php\/design-des-volieres\/\" target=\"_self\">\t<span class=\"qodef-m-text\">En savoir plus<\/span>\t<\/a>\t<\/div>\n\t\t<\/div>\n\t<\/div>\n\t<a itemprop=\"url\" href=\"http:\/\/simonpotier.fr\/index.php\/design-des-volieres\/\" class=\"qodef-m-banner-link\" target=\"_self\"><\/a>\n<\/div>\n\t\t\t\t<\/div>\n\t\t\t\t<\/div>\n\t\t\t\t<\/div>\n\t\t<div class=\"elementor-element elementor-element-0925b8b e-con-full e-flex parallax_section_no qode_elementor_container_no e-con e-child\" data-id=\"0925b8b\" data-element_type=\"container\">\n\t\t\t\t<div class=\"elementor-element elementor-element-56da8d9 elementor-widget elementor-widget-qi_addons_for_elementor_interactive_banner\" data-id=\"56da8d9\" data-element_type=\"widget\" data-widget_type=\"qi_addons_for_elementor_interactive_banner.default\">\n\t\t\t\t<div class=\"elementor-widget-container\">\n\t\t\t\t\t<div class=\"qodef-shortcode qodef-m  qodef-qi-interactive-banner qodef-layout--standard \">\n\t<div class=\"qodef-m-image\">\n\t<img decoding=\"async\" width=\"650\" height=\"650\" src=\"https:\/\/simonpotier.fr\/wp-content\/uploads\/2023\/11\/papiers_noirs-650x650.jpg\" class=\"attachment-qi_addons_for_elementor_image_size_square size-qi_addons_for_elementor_image_size_square\" alt=\"\" srcset=\"https:\/\/simonpotier.fr\/wp-content\/uploads\/2023\/11\/papiers_noirs-650x650.jpg 650w, https:\/\/simonpotier.fr\/wp-content\/uploads\/2023\/11\/papiers_noirs-150x150.jpg 150w, https:\/\/simonpotier.fr\/wp-content\/uploads\/2023\/11\/papiers_noirs-570x570.jpg 570w, https:\/\/simonpotier.fr\/wp-content\/uploads\/2023\/11\/papiers_noirs-500x500.jpg 500w\" sizes=\"(max-width: 650px) 100vw, 650px\" \/><\/div>\n\t<div class=\"qodef-m-content\">\n\t\t<div class=\"qodef-m-content-inner\">\n\t\t\t\t\t\t\t<h3 class=\"qodef-m-title\">\n\t\tGestion administrative des \u00e9tablissements\t<\/h3>\n\t\t\t\t<div class=\"qodef-m-button\">\n\t\t<a class=\"qodef-shortcode qodef-m  qodef-qi-button qodef-html--link qodef-layout--filled qodef-type--standard   qodef-icon--right qodef-hover--icon-move-horizontal-short     \" href=\"http:\/\/simonpotier.fr\/index.php\/gestion-administrative\/\" target=\"_self\">\t<span class=\"qodef-m-text\">En savoir plus<\/span>\t<\/a>\t<\/div>\n\t\t<\/div>\n\t<\/div>\n\t<a itemprop=\"url\" href=\"http:\/\/simonpotier.fr\/index.php\/gestion-administrative\/\" class=\"qodef-m-banner-link\" target=\"_self\"><\/a>\n<\/div>\n\t\t\t\t<\/div>\n\t\t\t\t<\/div>\n\t\t\t\t<\/div>\n\t\t<div class=\"elementor-element elementor-element-e3f2ce7 e-con-full e-flex parallax_section_no qode_elementor_container_no e-con e-child\" data-id=\"e3f2ce7\" data-element_type=\"container\">\n\t\t\t\t<div class=\"elementor-element elementor-element-07aa4cc elementor-widget elementor-widget-qi_addons_for_elementor_interactive_banner\" data-id=\"07aa4cc\" data-element_type=\"widget\" data-widget_type=\"qi_addons_for_elementor_interactive_banner.default\">\n\t\t\t\t<div class=\"elementor-widget-container\">\n\t\t\t\t\t<div class=\"qodef-shortcode qodef-m  qodef-qi-interactive-banner qodef-layout--standard \">\n\t<div class=\"qodef-m-image\">\n\t<img loading=\"lazy\" decoding=\"async\" width=\"650\" height=\"650\" src=\"https:\/\/simonpotier.fr\/wp-content\/uploads\/2023\/11\/livre_noir-650x650.jpg\" class=\"attachment-qi_addons_for_elementor_image_size_square size-qi_addons_for_elementor_image_size_square\" alt=\"\" srcset=\"https:\/\/simonpotier.fr\/wp-content\/uploads\/2023\/11\/livre_noir-650x650.jpg 650w, https:\/\/simonpotier.fr\/wp-content\/uploads\/2023\/11\/livre_noir-150x150.jpg 150w, https:\/\/simonpotier.fr\/wp-content\/uploads\/2023\/11\/livre_noir-570x570.jpg 570w, https:\/\/simonpotier.fr\/wp-content\/uploads\/2023\/11\/livre_noir-500x500.jpg 500w\" sizes=\"(max-width: 650px) 100vw, 650px\" \/><\/div>\n\t<div class=\"qodef-m-content\">\n\t\t<div class=\"qodef-m-content-inner\">\n\t\t\t\t\t\t\t<h3 class=\"qodef-m-title\">\n\t\tCommunication au sein des voleries\t<\/h3>\n\t\t\t\t<div class=\"qodef-m-button\">\n\t\t<a class=\"qodef-shortcode qodef-m  qodef-qi-button qodef-html--link qodef-layout--filled qodef-type--standard   qodef-icon--right qodef-hover--icon-move-horizontal-short     \" href=\"http:\/\/simonpotier.fr\/index.php\/communication-au-sein-des-voleries\/\" target=\"_self\">\t<span class=\"qodef-m-text\">En savoir plus<\/span>\t<\/a>\t<\/div>\n\t\t<\/div>\n\t<\/div>\n\t<a itemprop=\"url\" href=\"http:\/\/simonpotier.fr\/index.php\/communication-au-sein-des-voleries\/\" class=\"qodef-m-banner-link\" target=\"_self\"><\/a>\n<\/div>\n\t\t\t\t<\/div>\n\t\t\t\t<\/div>\n\t\t\t\t<\/div>\n\t\t<div class=\"elementor-element elementor-element-8b30286 e-con-full e-flex parallax_section_no qode_elementor_container_no e-con e-child\" data-id=\"8b30286\" data-element_type=\"container\">\n\t\t\t\t<div class=\"elementor-element elementor-element-bac7ce7 elementor-widget elementor-widget-qi_addons_for_elementor_interactive_banner\" data-id=\"bac7ce7\" data-element_type=\"widget\" data-widget_type=\"qi_addons_for_elementor_interactive_banner.default\">\n\t\t\t\t<div class=\"elementor-widget-container\">\n\t\t\t\t\t<div class=\"qodef-shortcode qodef-m  qodef-qi-interactive-banner qodef-layout--standard \">\n\t<div class=\"qodef-m-image\">\n\t<img loading=\"lazy\" decoding=\"async\" width=\"650\" height=\"650\" src=\"https:\/\/simonpotier.fr\/wp-content\/uploads\/2023\/11\/eoliennes_noires-650x650.jpg\" class=\"attachment-qi_addons_for_elementor_image_size_square size-qi_addons_for_elementor_image_size_square\" alt=\"\" srcset=\"https:\/\/simonpotier.fr\/wp-content\/uploads\/2023\/11\/eoliennes_noires-650x650.jpg 650w, https:\/\/simonpotier.fr\/wp-content\/uploads\/2023\/11\/eoliennes_noires-150x150.jpg 150w, https:\/\/simonpotier.fr\/wp-content\/uploads\/2023\/11\/eoliennes_noires-570x570.jpg 570w, https:\/\/simonpotier.fr\/wp-content\/uploads\/2023\/11\/eoliennes_noires-500x500.jpg 500w\" sizes=\"(max-width: 650px) 100vw, 650px\" \/><\/div>\n\t<div class=\"qodef-m-content\">\n\t\t<div class=\"qodef-m-content-inner\">\n\t\t\t\t\t\t\t<h3 class=\"qodef-m-title\">\n\t\tR\u00e9duction des collisions entre l&#039;avifaune et les dispositifs anthropiques\t<\/h3>\n\t\t\t\t<div class=\"qodef-m-button\">\n\t\t<a class=\"qodef-shortcode qodef-m  qodef-qi-button qodef-html--link qodef-layout--filled qodef-type--standard   qodef-icon--right qodef-hover--icon-move-horizontal-short     \" href=\"http:\/\/simonpotier.fr\/index.php\/re\/\" target=\"_self\">\t<span class=\"qodef-m-text\">En savoir plus<\/span>\t<\/a>\t<\/div>\n\t\t<\/div>\n\t<\/div>\n\t<a itemprop=\"url\" href=\"http:\/\/simonpotier.fr\/index.php\/re\/\" class=\"qodef-m-banner-link\" target=\"_self\"><\/a>\n<\/div>\n\t\t\t\t<\/div>\n\t\t\t\t<\/div>\n\t\t\t\t<\/div>\n\t\t\t\t\t<\/div>\n\t\t\t\t<\/div>\n\t\t<div class=\"elementor-element elementor-element-77d5e47 e-flex e-con-boxed parallax_section_no qode_elementor_container_no e-con e-parent\" data-id=\"77d5e47\" data-element_type=\"container\">\n\t\t\t\t\t<div class=\"e-con-inner\">\n\t\t\t\t<div class=\"elementor-element elementor-element-4acb1f9 elementor-align-center elementor-widget elementor-widget-button\" data-id=\"4acb1f9\" data-element_type=\"widget\" data-widget_type=\"button.default\">\n\t\t\t\t<div class=\"elementor-widget-container\">\n\t\t\t\t\t\t\t\t\t<div class=\"elementor-button-wrapper\">\n\t\t\t\t\t<a class=\"elementor-button elementor-button-link elementor-size-sm\" href=\"http:\/\/simonpotier.fr\/index.php\/contact-us\/\" target=\"_blank\">\n\t\t\t\t\t\t<span class=\"elementor-button-content-wrapper\">\n\t\t\t\t\t\t\t\t\t<span class=\"elementor-button-text\">Cliquez ici pour demander un devis<\/span>\n\t\t\t\t\t<\/span>\n\t\t\t\t\t<\/a>\n\t\t\t\t<\/div>\n\t\t\t\t\t\t\t\t<\/div>\n\t\t\t\t<\/div>\n\t\t\t\t\t<\/div>\n\t\t\t\t<\/div>\n\t\t<div class=\"elementor-element elementor-element-e235b51 e-flex e-con-boxed parallax_section_no qode_elementor_container_no e-con e-parent\" data-id=\"e235b51\" data-element_type=\"container\">\n\t\t\t\t\t<div class=\"e-con-inner\">\n\t\t\t\t<div class=\"elementor-element elementor-element-041289c elementor-align-right elementor-widget elementor-widget-button\" data-id=\"041289c\" data-element_type=\"widget\" data-widget_type=\"button.default\">\n\t\t\t\t<div class=\"elementor-widget-container\">\n\t\t\t\t\t\t\t\t\t<div class=\"elementor-button-wrapper\">\n\t\t\t\t\t<a class=\"elementor-button elementor-button-link elementor-size-sm\" href=\"http:\/\/simonpotier.fr\/\">\n\t\t\t\t\t\t<span class=\"elementor-button-content-wrapper\">\n\t\t\t\t\t\t<span class=\"elementor-button-icon\">\n\t\t\t\t<i aria-hidden=\"true\" class=\"far fa-arrow-alt-circle-left\"><\/i>\t\t\t<\/span>\n\t\t\t\t\t\t\t\t\t<span class=\"elementor-button-text\">Retour<\/span>\n\t\t\t\t\t<\/span>\n\t\t\t\t\t<\/a>\n\t\t\t\t<\/div>\n\t\t\t\t\t\t\t\t<\/div>\n\t\t\t\t<\/div>\n\t\t\t\t\t<\/div>\n\t\t\t\t<\/div>\n\t\t<div class=\"elementor-element elementor-element-fdc2733 e-flex e-con-boxed parallax_section_no qode_elementor_container_no e-con e-parent\" data-id=\"fdc2733\" data-element_type=\"container\">\n\t\t\t\t\t<div class=\"e-con-inner\">\n\t\t\t\t<div class=\"elementor-element elementor-element-c7da061 elementor-widget elementor-widget-spacer\" data-id=\"c7da061\" data-element_type=\"widget\" data-widget_type=\"spacer.default\">\n\t\t\t\t<div class=\"elementor-widget-container\">\n\t\t\t\t\t\t\t<div class=\"elementor-spacer\">\n\t\t\t<div class=\"elementor-spacer-inner\"><\/div>\n\t\t<\/div>\n\t\t\t\t\t\t<\/div>\n\t\t\t\t<\/div>\n\t\t\t\t\t<\/div>\n\t\t\t\t<\/div>\n\t\t\t\t<\/div>\n\t\t","protected":false},"excerpt":{"rendered":"<p>Une expertise unique ! Au cours de mon cursus universitaire et professionnel, j&#8217;ai pu d\u00e9velopper des comp\u00e9tences uniques. Je mets d\u00e9sormais celles-ci au service de vos besoins. Ces comp\u00e9tences diversifi\u00e9es permettront de r\u00e9fl\u00e9chir \u00e0 l&#8217;am\u00e9lioration du bien-\u00eatre des individus pr\u00e9sent\u00e9s en captivit\u00e9, d&#8217;am\u00e9liorer la protection&#8230;<\/p>\n","protected":false},"author":1,"featured_media":0,"parent":0,"menu_order":0,"comment_status":"closed","ping_status":"closed","template":"","meta":{"content-type":"","footnotes":""},"class_list":["post-1174","page","type-page","status-publish","hentry"],"_links":{"self":[{"href":"https:\/\/simonpotier.fr\/index.php\/wp-json\/wp\/v2\/pages\/1174","targetHints":{"allow":["GET"]}}],"collection":[{"href":"https:\/\/simonpotier.fr\/index.php\/wp-json\/wp\/v2\/pages"}],"about":[{"href":"https:\/\/simonpotier.fr\/index.php\/wp-json\/wp\/v2\/types\/page"}],"author":[{"embeddable":true,"href":"https:\/\/simonpotier.fr\/index.php\/wp-json\/wp\/v2\/users\/1"}],"replies":[{"embeddable":true,"href":"https:\/\/simonpotier.fr\/index.php\/wp-json\/wp\/v2\/comments?post=1174"}],"version-history":[{"count":35,"href":"https:\/\/simonpotier.fr\/index.php\/wp-json\/wp\/v2\/pages\/1174\/revisions"}],"predecessor-version":[{"id":2145,"href":"https:\/\/simonpotier.fr\/index.php\/wp-json\/wp\/v2\/pages\/1174\/revisions\/2145"}],"wp:attachment":[{"href":"https:\/\/simonpotier.fr\/index.php\/wp-json\/wp\/v2\/media?parent=1174"}],"curies":[{"name":"wp","href":"https:\/\/api.w.org\/{rel}","templated":true}]}}