{"id":1188,"date":"2023-10-26T13:45:48","date_gmt":"2023-10-26T11:45:48","guid":{"rendered":"http:\/\/simonpotmn.cluster020.hosting.ovh.net\/?page_id=1188"},"modified":"2023-11-29T20:47:10","modified_gmt":"2023-11-29T19:47:10","slug":"bien-etre-et-lumiere-artificielle","status":"publish","type":"page","link":"https:\/\/simonpotier.fr\/index.php\/bien-etre-et-lumiere-artificielle\/","title":{"rendered":"Bien-\u00eatre et lumi\u00e8re artificielle"},"content":{"rendered":"\t\t<div data-elementor-type=\"wp-page\" data-elementor-id=\"1188\" class=\"elementor elementor-1188\">\n\t\t\t\t<div class=\"elementor-element elementor-element-aa21096 e-flex e-con-boxed parallax_section_no qode_elementor_container_no e-con e-parent\" data-id=\"aa21096\" data-element_type=\"container\">\n\t\t\t\t\t<div class=\"e-con-inner\">\n\t\t\t\t<div class=\"elementor-element elementor-element-9c3f1c8 elementor-widget elementor-widget-heading\" data-id=\"9c3f1c8\" data-element_type=\"widget\" data-widget_type=\"heading.default\">\n\t\t\t\t<div class=\"elementor-widget-container\">\n\t\t\t\t\t<h2 class=\"elementor-heading-title elementor-size-default\"><h2 data-elementor-setting-key=\"title\" data-pen-placeholder=\"Type Here...\" style=\"font-weight: var( --e-global-typography-primary-font-weight );font-family: var( --e-global-typography-primary-font-family ), Sans-serif\"><\/h2><h3 data-elementor-setting-key=\"title\" data-pen-placeholder=\"Type Here...\" style=\"font-weight: var( --e-global-typography-primary-font-weight );font-family: var( --e-global-typography-primary-font-family ), Sans-serif\"><span style=\"font-family: var( --e-global-typography-primary-font-family ), Sans-serif;font-weight: var( --e-global-typography-primary-font-weight );text-align: var(--text-align)\"><font color=\"#c89454\">Am\u00e9liorer les conditions d'\u00e9clairage pour les individus captifs<\/font><\/span><\/h3><\/h2>\t\t\t\t<\/div>\n\t\t\t\t<\/div>\n\t\t\t\t\t<\/div>\n\t\t\t\t<\/div>\n\t\t<div class=\"elementor-element elementor-element-34bd224 e-flex e-con-boxed parallax_section_no qode_elementor_container_no e-con e-parent\" data-id=\"34bd224\" data-element_type=\"container\">\n\t\t\t\t\t<div class=\"e-con-inner\">\n\t\t\t\t<div class=\"elementor-element elementor-element-e191ca6 elementor-widget elementor-widget-text-editor\" data-id=\"e191ca6\" data-element_type=\"widget\" data-widget_type=\"text-editor.default\">\n\t\t\t\t<div class=\"elementor-widget-container\">\n\t\t\t\t\t\t\t\t\t<p>Dans certaines conditions (hiver, p\u00e9riode d&#8217;\u00e9levage, aquariums&#8230;), il est indispensable de proposer un \u00e9clairage artificiel pour les animaux pr\u00e9sent\u00e9s en captivit\u00e9. Mais quel \u00e9clairage choisir ? Dois-je avoir un \u00e9clairage adapt\u00e9 en fonction de l&#8217;esp\u00e8ce ? Est-ce que l&#8217;\u00e9clairage artificiel respecte les notions de bien-\u00eatre animal ?<\/p><p>Gr\u00e2ce \u00e0 mon expertise dans le domaine de l&#8217;\u00e9cologie sensorielle, et plus particuli\u00e8rement des capacit\u00e9s visuelles, je vous propose d&#8217;am\u00e9liorer les conditions d&#8217;\u00e9clairage de vos enclos afin de les adapter aux esp\u00e8ces que vous accueillez.\u00a0<\/p>\t\t\t\t\t\t\t\t<\/div>\n\t\t\t\t<\/div>\n\t\t\t\t\t<\/div>\n\t\t\t\t<\/div>\n\t\t<div class=\"elementor-element elementor-element-2a86eab e-flex e-con-boxed parallax_section_no qode_elementor_container_no e-con e-parent\" data-id=\"2a86eab\" data-element_type=\"container\">\n\t\t\t\t\t<div class=\"e-con-inner\">\n\t\t\t\t<div class=\"elementor-element elementor-element-d37d987 elementor-widget elementor-widget-spacer\" data-id=\"d37d987\" data-element_type=\"widget\" data-widget_type=\"spacer.default\">\n\t\t\t\t<div class=\"elementor-widget-container\">\n\t\t\t\t\t\t\t<div class=\"elementor-spacer\">\n\t\t\t<div class=\"elementor-spacer-inner\"><\/div>\n\t\t<\/div>\n\t\t\t\t\t\t<\/div>\n\t\t\t\t<\/div>\n\t\t\t\t\t<\/div>\n\t\t\t\t<\/div>\n\t\t<div class=\"elementor-element elementor-element-445da8d e-flex e-con-boxed parallax_section_no qode_elementor_container_no e-con e-parent\" data-id=\"445da8d\" data-element_type=\"container\">\n\t\t\t\t\t<div class=\"e-con-inner\">\n\t\t\t\t<div class=\"elementor-element elementor-element-36ad8a4 elementor-widget elementor-widget-text-editor\" data-id=\"36ad8a4\" data-element_type=\"widget\" data-widget_type=\"text-editor.default\">\n\t\t\t\t<div class=\"elementor-widget-container\">\n\t\t\t\t\t\t\t\t\t<h4>Scintillement et bien-\u00eatre<\/h4>\t\t\t\t\t\t\t\t<\/div>\n\t\t\t\t<\/div>\n\t\t\t\t\t<\/div>\n\t\t\t\t<\/div>\n\t\t<div class=\"elementor-element elementor-element-156c417 e-flex e-con-boxed parallax_section_no qode_elementor_container_no e-con e-parent\" data-id=\"156c417\" data-element_type=\"container\">\n\t\t\t\t\t<div class=\"e-con-inner\">\n\t\t<div class=\"elementor-element elementor-element-550e625 e-con-full e-flex parallax_section_no qode_elementor_container_no e-con e-child\" data-id=\"550e625\" data-element_type=\"container\">\n\t\t\t\t<div class=\"elementor-element elementor-element-ae6674b elementor-widget elementor-widget-video\" data-id=\"ae6674b\" data-element_type=\"widget\" data-settings=\"{&quot;video_type&quot;:&quot;hosted&quot;,&quot;autoplay&quot;:&quot;yes&quot;,&quot;mute&quot;:&quot;yes&quot;,&quot;controls&quot;:&quot;yes&quot;}\" data-widget_type=\"video.default\">\n\t\t\t\t<div class=\"elementor-widget-container\">\n\t\t\t\t\t\t\t<div class=\"e-hosted-video elementor-wrapper elementor-open-inline\">\n\t\t\t\t\t<video class=\"elementor-video\" src=\"http:\/\/simonpotmn.cluster020.hosting.ovh.net\/wp-content\/uploads\/2023\/10\/neon-flicker.mp4\" autoplay=\"\" controls=\"\" muted=\"muted\" controlsList=\"nodownload\"><\/video>\n\t\t\t\t<\/div>\n\t\t\t\t\t\t<\/div>\n\t\t\t\t<\/div>\n\t\t\t\t<\/div>\n\t\t<div class=\"elementor-element elementor-element-e986f19 e-flex e-con-boxed parallax_section_no qode_elementor_container_no e-con e-child\" data-id=\"e986f19\" data-element_type=\"container\">\n\t\t\t\t\t<div class=\"e-con-inner\">\n\t\t<div class=\"elementor-element elementor-element-4bda054 e-flex e-con-boxed parallax_section_no qode_elementor_container_no e-con e-child\" data-id=\"4bda054\" data-element_type=\"container\">\n\t\t\t\t\t<div class=\"e-con-inner\">\n\t\t\t\t<div class=\"elementor-element elementor-element-b59becf elementor-widget elementor-widget-text-editor\" data-id=\"b59becf\" data-element_type=\"widget\" data-widget_type=\"text-editor.default\">\n\t\t\t\t<div class=\"elementor-widget-container\">\n\t\t\t\t\t\t\t\t\t<p>Dans nos maisons ou b\u00e2timents, le courant \u00e9lectrique est alternatif, il poss\u00e8de donc une fr\u00e9quence. La fr\u00e9quence de celui-ci est adapt\u00e9 notre vision (50-60Hz). Mais, certains animaux voient plus d&#8217;images par seconde que nous, et ainsi, per\u00e7oivent le scintillement de la lumi\u00e8re.&nbsp;<\/p>\t\t\t\t\t\t\t\t<\/div>\n\t\t\t\t<\/div>\n\t\t\t\t\t<\/div>\n\t\t\t\t<\/div>\n\t\t<div class=\"elementor-element elementor-element-3f29853 e-flex e-con-boxed parallax_section_no qode_elementor_container_no e-con e-child\" data-id=\"3f29853\" data-element_type=\"container\">\n\t\t\t\t\t<div class=\"e-con-inner\">\n\t\t<div class=\"elementor-element elementor-element-bc0bafb e-flex e-con-boxed parallax_section_no qode_elementor_container_no e-con e-child\" data-id=\"bc0bafb\" data-element_type=\"container\">\n\t\t\t\t\t<div class=\"e-con-inner\">\n\t\t\t\t<div class=\"elementor-element elementor-element-613d030 elementor-widget elementor-widget-image\" data-id=\"613d030\" data-element_type=\"widget\" data-widget_type=\"image.default\">\n\t\t\t\t<div class=\"elementor-widget-container\">\n\t\t\t\t\t\t\t\t\t\t\t\t\t\t\t<img fetchpriority=\"high\" decoding=\"async\" width=\"1024\" height=\"614\" src=\"https:\/\/simonpotier.fr\/wp-content\/uploads\/2023\/10\/idea-2520520_1280-1024x614.jpg\" class=\"attachment-large size-large wp-image-1181\" alt=\"\" srcset=\"https:\/\/simonpotier.fr\/wp-content\/uploads\/2023\/10\/idea-2520520_1280-1024x614.jpg 1024w, https:\/\/simonpotier.fr\/wp-content\/uploads\/2023\/10\/idea-2520520_1280-300x180.jpg 300w, https:\/\/simonpotier.fr\/wp-content\/uploads\/2023\/10\/idea-2520520_1280-768x461.jpg 768w, https:\/\/simonpotier.fr\/wp-content\/uploads\/2023\/10\/idea-2520520_1280-700x420.jpg 700w, https:\/\/simonpotier.fr\/wp-content\/uploads\/2023\/10\/idea-2520520_1280.jpg 1280w\" sizes=\"(max-width: 1024px) 100vw, 1024px\" \/>\t\t\t\t\t\t\t\t\t\t\t\t\t\t\t<\/div>\n\t\t\t\t<\/div>\n\t\t\t\t\t<\/div>\n\t\t\t\t<\/div>\n\t\t<div class=\"elementor-element elementor-element-18baafd e-flex e-con-boxed parallax_section_no qode_elementor_container_no e-con e-child\" data-id=\"18baafd\" data-element_type=\"container\">\n\t\t\t\t\t<div class=\"e-con-inner\">\n\t\t<div class=\"elementor-element elementor-element-9ff0243 e-flex e-con-boxed parallax_section_no qode_elementor_container_no e-con e-child\" data-id=\"9ff0243\" data-element_type=\"container\">\n\t\t\t\t\t<div class=\"e-con-inner\">\n\t\t\t\t<div class=\"elementor-element elementor-element-3505203 elementor-widget elementor-widget-text-editor\" data-id=\"3505203\" data-element_type=\"widget\" data-widget_type=\"text-editor.default\">\n\t\t\t\t<div class=\"elementor-widget-container\">\n\t\t\t\t\t\t\t\t\t<p><span style=\"background-color: #ffffff;\">Gr\u00e2ce aux connaissances scientifiques et aux solutions existantes, je vous accompagne pour modifier votre source lumineuse afin de respecter le bien-\u00eatre de vos individus.<\/span><\/p>\t\t\t\t\t\t\t\t<\/div>\n\t\t\t\t<\/div>\n\t\t\t\t\t<\/div>\n\t\t\t\t<\/div>\n\t\t<div class=\"elementor-element elementor-element-07c4bfb e-flex e-con-boxed parallax_section_no qode_elementor_container_no e-con e-child\" data-id=\"07c4bfb\" data-element_type=\"container\">\n\t\t\t\t\t<div class=\"e-con-inner\">\n\t\t\t\t<div class=\"elementor-element elementor-element-e48fdd3 elementor-align-center elementor-widget elementor-widget-button\" data-id=\"e48fdd3\" data-element_type=\"widget\" data-widget_type=\"button.default\">\n\t\t\t\t<div class=\"elementor-widget-container\">\n\t\t\t\t\t\t\t\t\t<div class=\"elementor-button-wrapper\">\n\t\t\t\t\t<a class=\"elementor-button elementor-button-link elementor-size-sm\" href=\"http:\/\/simonpotier.fr\/index.php\/contact-us\/\" target=\"_blank\">\n\t\t\t\t\t\t<span class=\"elementor-button-content-wrapper\">\n\t\t\t\t\t\t\t\t\t<span class=\"elementor-button-text\">Demandez votre devis ici<\/span>\n\t\t\t\t\t<\/span>\n\t\t\t\t\t<\/a>\n\t\t\t\t<\/div>\n\t\t\t\t\t\t\t\t<\/div>\n\t\t\t\t<\/div>\n\t\t\t\t\t<\/div>\n\t\t\t\t<\/div>\n\t\t\t\t\t<\/div>\n\t\t\t\t<\/div>\n\t\t\t\t\t<\/div>\n\t\t\t\t<\/div>\n\t\t\t\t\t<\/div>\n\t\t\t\t<\/div>\n\t\t\t\t\t<\/div>\n\t\t\t\t<\/div>\n\t\t<div class=\"elementor-element elementor-element-4c4a137 e-flex e-con-boxed parallax_section_no qode_elementor_container_no e-con e-parent\" data-id=\"4c4a137\" data-element_type=\"container\">\n\t\t\t\t\t<div class=\"e-con-inner\">\n\t\t\t\t<div class=\"elementor-element elementor-element-3915325 elementor-widget elementor-widget-spacer\" data-id=\"3915325\" data-element_type=\"widget\" data-widget_type=\"spacer.default\">\n\t\t\t\t<div class=\"elementor-widget-container\">\n\t\t\t\t\t\t\t<div class=\"elementor-spacer\">\n\t\t\t<div class=\"elementor-spacer-inner\"><\/div>\n\t\t<\/div>\n\t\t\t\t\t\t<\/div>\n\t\t\t\t<\/div>\n\t\t\t\t\t<\/div>\n\t\t\t\t<\/div>\n\t\t<div class=\"elementor-element elementor-element-b10e6ad e-flex e-con-boxed parallax_section_no qode_elementor_container_no e-con e-parent\" data-id=\"b10e6ad\" data-element_type=\"container\">\n\t\t\t\t\t<div class=\"e-con-inner\">\n\t\t\t\t<div class=\"elementor-element elementor-element-2414092 elementor-widget elementor-widget-text-editor\" data-id=\"2414092\" data-element_type=\"widget\" data-widget_type=\"text-editor.default\">\n\t\t\t\t<div class=\"elementor-widget-container\">\n\t\t\t\t\t\t\t\t\t<h4>Spectre lumineux et bien-\u00eatre<\/h4>\t\t\t\t\t\t\t\t<\/div>\n\t\t\t\t<\/div>\n\t\t\t\t\t<\/div>\n\t\t\t\t<\/div>\n\t\t<div class=\"elementor-element elementor-element-d5d9c80 e-flex e-con-boxed parallax_section_no qode_elementor_container_no e-con e-parent\" data-id=\"d5d9c80\" data-element_type=\"container\">\n\t\t\t\t\t<div class=\"e-con-inner\">\n\t\t\t\t<div class=\"elementor-element elementor-element-723eb68 elementor-widget elementor-widget-text-editor\" data-id=\"723eb68\" data-element_type=\"widget\" data-widget_type=\"text-editor.default\">\n\t\t\t\t<div class=\"elementor-widget-container\">\n\t\t\t\t\t\t\t\t\t<p>Outre le scintillement de la lumi\u00e8re, la composition spectrale peut \u00e9galement \u00eatre un probl\u00e8me. En effet, chaque lumi\u00e8re poss\u00e8de une composition spectrale qui lui est propre, qui ne correspond que tr\u00e8s rarement aux spectres de la lumi\u00e8re naturelle. Ce spectre est donc dans tr\u00e8s peu de cas adapt\u00e9 aux besoin des animaux.<\/p>\t\t\t\t\t\t\t\t<\/div>\n\t\t\t\t<\/div>\n\t\t\t\t\t<\/div>\n\t\t\t\t<\/div>\n\t\t<div class=\"elementor-element elementor-element-dd40b5b e-flex e-con-boxed parallax_section_no qode_elementor_container_no e-con e-parent\" data-id=\"dd40b5b\" data-element_type=\"container\">\n\t\t\t\t\t<div class=\"e-con-inner\">\n\t\t<div class=\"elementor-element elementor-element-ece3de6 e-flex e-con-boxed parallax_section_no qode_elementor_container_no e-con e-child\" data-id=\"ece3de6\" data-element_type=\"container\">\n\t\t\t\t\t<div class=\"e-con-inner\">\n\t\t\t\t<div class=\"elementor-element elementor-element-4a1d23d elementor-widget elementor-widget-image\" data-id=\"4a1d23d\" data-element_type=\"widget\" data-widget_type=\"image.default\">\n\t\t\t\t<div class=\"elementor-widget-container\">\n\t\t\t\t\t\t\t\t\t\t\t\t\t\t\t<img decoding=\"async\" width=\"323\" height=\"252\" src=\"https:\/\/simonpotier.fr\/wp-content\/uploads\/2023\/10\/Spectre-jour-1.jpg\" class=\"attachment-large size-large wp-image-1193\" alt=\"\" srcset=\"https:\/\/simonpotier.fr\/wp-content\/uploads\/2023\/10\/Spectre-jour-1.jpg 323w, https:\/\/simonpotier.fr\/wp-content\/uploads\/2023\/10\/Spectre-jour-1-300x234.jpg 300w\" sizes=\"(max-width: 323px) 100vw, 323px\" \/>\t\t\t\t\t\t\t\t\t\t\t\t\t\t\t<\/div>\n\t\t\t\t<\/div>\n\t\t\t\t\t<\/div>\n\t\t\t\t<\/div>\n\t\t<div class=\"elementor-element elementor-element-e88fa53 e-flex e-con-boxed parallax_section_no qode_elementor_container_no e-con e-child\" data-id=\"e88fa53\" data-element_type=\"container\">\n\t\t\t\t\t<div class=\"e-con-inner\">\n\t\t\t\t<div class=\"elementor-element elementor-element-a5e43b0 elementor-widget elementor-widget-image\" data-id=\"a5e43b0\" data-element_type=\"widget\" data-widget_type=\"image.default\">\n\t\t\t\t<div class=\"elementor-widget-container\">\n\t\t\t\t\t\t\t\t\t\t\t\t\t\t\t<img decoding=\"async\" width=\"323\" height=\"252\" src=\"https:\/\/simonpotier.fr\/wp-content\/uploads\/2023\/10\/Halogene.jpg\" class=\"attachment-large size-large wp-image-1192\" alt=\"\" srcset=\"https:\/\/simonpotier.fr\/wp-content\/uploads\/2023\/10\/Halogene.jpg 323w, https:\/\/simonpotier.fr\/wp-content\/uploads\/2023\/10\/Halogene-300x234.jpg 300w\" sizes=\"(max-width: 323px) 100vw, 323px\" \/>\t\t\t\t\t\t\t\t\t\t\t\t\t\t\t<\/div>\n\t\t\t\t<\/div>\n\t\t\t\t\t<\/div>\n\t\t\t\t<\/div>\n\t\t<div class=\"elementor-element elementor-element-ea4a2e0 e-flex e-con-boxed parallax_section_no qode_elementor_container_no e-con e-child\" data-id=\"ea4a2e0\" data-element_type=\"container\">\n\t\t\t\t\t<div class=\"e-con-inner\">\n\t\t\t\t<div class=\"elementor-element elementor-element-c287b32 elementor-widget elementor-widget-image\" data-id=\"c287b32\" data-element_type=\"widget\" data-widget_type=\"image.default\">\n\t\t\t\t<div class=\"elementor-widget-container\">\n\t\t\t\t\t\t\t\t\t\t\t\t\t\t\t<img loading=\"lazy\" decoding=\"async\" width=\"323\" height=\"251\" src=\"https:\/\/simonpotier.fr\/wp-content\/uploads\/2023\/10\/Blanc-froid.jpg\" class=\"attachment-large size-large wp-image-1194\" alt=\"\" srcset=\"https:\/\/simonpotier.fr\/wp-content\/uploads\/2023\/10\/Blanc-froid.jpg 323w, https:\/\/simonpotier.fr\/wp-content\/uploads\/2023\/10\/Blanc-froid-300x233.jpg 300w\" sizes=\"(max-width: 323px) 100vw, 323px\" \/>\t\t\t\t\t\t\t\t\t\t\t\t\t\t\t<\/div>\n\t\t\t\t<\/div>\n\t\t\t\t\t<\/div>\n\t\t\t\t<\/div>\n\t\t\t\t\t<\/div>\n\t\t\t\t<\/div>\n\t\t<div class=\"elementor-element elementor-element-926931a e-flex e-con-boxed parallax_section_no qode_elementor_container_no e-con e-parent\" data-id=\"926931a\" data-element_type=\"container\">\n\t\t\t\t\t<div class=\"e-con-inner\">\n\t\t<div class=\"elementor-element elementor-element-87e3687 e-flex e-con-boxed parallax_section_no qode_elementor_container_no e-con e-child\" data-id=\"87e3687\" data-element_type=\"container\">\n\t\t\t\t\t<div class=\"e-con-inner\">\n\t\t\t\t<div class=\"elementor-element elementor-element-d498b94 elementor-widget elementor-widget-text-editor\" data-id=\"d498b94\" data-element_type=\"widget\" data-widget_type=\"text-editor.default\">\n\t\t\t\t<div class=\"elementor-widget-container\">\n\t\t\t\t\t\t\t\t\t<p>Spectre lumi\u00e8re naturelle milieu de journ\u00e9e<\/p>\t\t\t\t\t\t\t\t<\/div>\n\t\t\t\t<\/div>\n\t\t\t\t\t<\/div>\n\t\t\t\t<\/div>\n\t\t<div class=\"elementor-element elementor-element-ade7fce e-flex e-con-boxed parallax_section_no qode_elementor_container_no e-con e-child\" data-id=\"ade7fce\" data-element_type=\"container\">\n\t\t\t\t\t<div class=\"e-con-inner\">\n\t\t\t\t<div class=\"elementor-element elementor-element-02447d7 elementor-widget elementor-widget-text-editor\" data-id=\"02447d7\" data-element_type=\"widget\" data-widget_type=\"text-editor.default\">\n\t\t\t\t<div class=\"elementor-widget-container\">\n\t\t\t\t\t\t\t\t\t<p>Spectre lampe halog\u00e8ne<\/p>\t\t\t\t\t\t\t\t<\/div>\n\t\t\t\t<\/div>\n\t\t\t\t\t<\/div>\n\t\t\t\t<\/div>\n\t\t<div class=\"elementor-element elementor-element-1c83574 e-flex e-con-boxed parallax_section_no qode_elementor_container_no e-con e-child\" data-id=\"1c83574\" data-element_type=\"container\">\n\t\t\t\t\t<div class=\"e-con-inner\">\n\t\t\t\t<div class=\"elementor-element elementor-element-13d0a42 elementor-widget elementor-widget-text-editor\" data-id=\"13d0a42\" data-element_type=\"widget\" data-widget_type=\"text-editor.default\">\n\t\t\t\t<div class=\"elementor-widget-container\">\n\t\t\t\t\t\t\t\t\t<p>Spectre LED blanc froid<\/p>\t\t\t\t\t\t\t\t<\/div>\n\t\t\t\t<\/div>\n\t\t\t\t\t<\/div>\n\t\t\t\t<\/div>\n\t\t\t\t\t<\/div>\n\t\t\t\t<\/div>\n\t\t<div class=\"elementor-element elementor-element-ccefaae e-flex e-con-boxed parallax_section_no qode_elementor_container_no e-con e-parent\" data-id=\"ccefaae\" data-element_type=\"container\">\n\t\t\t\t\t<div class=\"e-con-inner\">\n\t\t\t\t<div class=\"elementor-element elementor-element-79ac0ff elementor-widget elementor-widget-text-editor\" data-id=\"79ac0ff\" data-element_type=\"widget\" data-widget_type=\"text-editor.default\">\n\t\t\t\t<div class=\"elementor-widget-container\">\n\t\t\t\t\t\t\t\t\t<p>Bien que la lumi\u00e8re naturelle soit toujours \u00e0 privil\u00e9gier, lorsque l&#8217;utilisation de la lumi\u00e8re artificielle est obligatoire, il est possible de proposer des lumi\u00e8res plus adapt\u00e9es aux animaux. De part mes connaissances, je vous apporte des solutions am\u00e9lior\u00e9es afin de respecter au mieux le bien-\u00eatre des individus captifs.<\/p>\t\t\t\t\t\t\t\t<\/div>\n\t\t\t\t<\/div>\n\t\t\t\t\t<\/div>\n\t\t\t\t<\/div>\n\t\t<div class=\"elementor-element elementor-element-aa909b3 e-flex e-con-boxed parallax_section_no qode_elementor_container_no e-con e-parent\" data-id=\"aa909b3\" data-element_type=\"container\">\n\t\t\t\t\t<div class=\"e-con-inner\">\n\t\t\t\t<div class=\"elementor-element elementor-element-1a70ec3 elementor-align-center elementor-widget elementor-widget-button\" data-id=\"1a70ec3\" data-element_type=\"widget\" data-widget_type=\"button.default\">\n\t\t\t\t<div class=\"elementor-widget-container\">\n\t\t\t\t\t\t\t\t\t<div class=\"elementor-button-wrapper\">\n\t\t\t\t\t<a class=\"elementor-button elementor-button-link elementor-size-sm\" href=\"http:\/\/simonpotier.fr\/index.php\/contact-us\/\" target=\"_blank\">\n\t\t\t\t\t\t<span class=\"elementor-button-content-wrapper\">\n\t\t\t\t\t\t\t\t\t<span class=\"elementor-button-text\">Demandez votre devis ici<\/span>\n\t\t\t\t\t<\/span>\n\t\t\t\t\t<\/a>\n\t\t\t\t<\/div>\n\t\t\t\t\t\t\t\t<\/div>\n\t\t\t\t<\/div>\n\t\t\t\t\t<\/div>\n\t\t\t\t<\/div>\n\t\t<div class=\"elementor-element elementor-element-bce93d9 e-flex e-con-boxed parallax_section_no qode_elementor_container_no e-con e-parent\" data-id=\"bce93d9\" data-element_type=\"container\">\n\t\t\t\t\t<div class=\"e-con-inner\">\n\t\t\t\t<div class=\"elementor-element elementor-element-9c1c24f elementor-align-right elementor-widget elementor-widget-button\" data-id=\"9c1c24f\" data-element_type=\"widget\" data-widget_type=\"button.default\">\n\t\t\t\t<div class=\"elementor-widget-container\">\n\t\t\t\t\t\t\t\t\t<div class=\"elementor-button-wrapper\">\n\t\t\t\t\t<a class=\"elementor-button elementor-button-link elementor-size-sm\" href=\"http:\/\/simonpotier.fr\/index.php\/consulting\/\">\n\t\t\t\t\t\t<span class=\"elementor-button-content-wrapper\">\n\t\t\t\t\t\t<span class=\"elementor-button-icon\">\n\t\t\t\t<i aria-hidden=\"true\" class=\"far fa-arrow-alt-circle-left\"><\/i>\t\t\t<\/span>\n\t\t\t\t\t\t\t\t\t<span class=\"elementor-button-text\">Retour<\/span>\n\t\t\t\t\t<\/span>\n\t\t\t\t\t<\/a>\n\t\t\t\t<\/div>\n\t\t\t\t\t\t\t\t<\/div>\n\t\t\t\t<\/div>\n\t\t\t\t\t<\/div>\n\t\t\t\t<\/div>\n\t\t<div class=\"elementor-element elementor-element-961b758 e-flex e-con-boxed parallax_section_no qode_elementor_container_no e-con e-parent\" data-id=\"961b758\" data-element_type=\"container\">\n\t\t\t\t\t<div class=\"e-con-inner\">\n\t\t\t\t<div class=\"elementor-element elementor-element-15fefaa elementor-widget elementor-widget-spacer\" data-id=\"15fefaa\" data-element_type=\"widget\" data-widget_type=\"spacer.default\">\n\t\t\t\t<div class=\"elementor-widget-container\">\n\t\t\t\t\t\t\t<div class=\"elementor-spacer\">\n\t\t\t<div class=\"elementor-spacer-inner\"><\/div>\n\t\t<\/div>\n\t\t\t\t\t\t<\/div>\n\t\t\t\t<\/div>\n\t\t\t\t\t<\/div>\n\t\t\t\t<\/div>\n\t\t\t\t<\/div>\n\t\t","protected":false},"excerpt":{"rendered":"<p>Am\u00e9liorer les conditions d&#8217;\u00e9clairage pour les individus captifs Dans certaines conditions (hiver, p\u00e9riode d&#8217;\u00e9levage, aquariums&#8230;), il est indispensable de proposer un \u00e9clairage artificiel pour les animaux pr\u00e9sent\u00e9s en captivit\u00e9. Mais quel \u00e9clairage choisir ? Dois-je avoir un \u00e9clairage adapt\u00e9 en fonction de l&#8217;esp\u00e8ce ? Est-ce&#8230;<\/p>\n","protected":false},"author":1,"featured_media":0,"parent":0,"menu_order":0,"comment_status":"closed","ping_status":"closed","template":"","meta":{"content-type":"","footnotes":""},"class_list":["post-1188","page","type-page","status-publish","hentry"],"_links":{"self":[{"href":"https:\/\/simonpotier.fr\/index.php\/wp-json\/wp\/v2\/pages\/1188","targetHints":{"allow":["GET"]}}],"collection":[{"href":"https:\/\/simonpotier.fr\/index.php\/wp-json\/wp\/v2\/pages"}],"about":[{"href":"https:\/\/simonpotier.fr\/index.php\/wp-json\/wp\/v2\/types\/page"}],"author":[{"embeddable":true,"href":"https:\/\/simonpotier.fr\/index.php\/wp-json\/wp\/v2\/users\/1"}],"replies":[{"embeddable":true,"href":"https:\/\/simonpotier.fr\/index.php\/wp-json\/wp\/v2\/comments?post=1188"}],"version-history":[{"count":28,"href":"https:\/\/simonpotier.fr\/index.php\/wp-json\/wp\/v2\/pages\/1188\/revisions"}],"predecessor-version":[{"id":2136,"href":"https:\/\/simonpotier.fr\/index.php\/wp-json\/wp\/v2\/pages\/1188\/revisions\/2136"}],"wp:attachment":[{"href":"https:\/\/simonpotier.fr\/index.php\/wp-json\/wp\/v2\/media?parent=1188"}],"curies":[{"name":"wp","href":"https:\/\/api.w.org\/{rel}","templated":true}]}}