{"id":1199,"date":"2023-10-26T14:22:39","date_gmt":"2023-10-26T12:22:39","guid":{"rendered":"http:\/\/simonpotmn.cluster020.hosting.ovh.net\/?page_id=1199"},"modified":"2023-11-29T20:51:33","modified_gmt":"2023-11-29T19:51:33","slug":"design-des-volieres","status":"publish","type":"page","link":"https:\/\/simonpotier.fr\/index.php\/design-des-volieres\/","title":{"rendered":"Design des voli\u00e8res"},"content":{"rendered":"\t\t<div data-elementor-type=\"wp-page\" data-elementor-id=\"1199\" class=\"elementor elementor-1199\">\n\t\t\t\t<div class=\"elementor-element elementor-element-3a41d0b e-flex e-con-boxed parallax_section_no qode_elementor_container_no e-con e-parent\" data-id=\"3a41d0b\" data-element_type=\"container\">\n\t\t\t\t\t<div class=\"e-con-inner\">\n\t\t\t\t<div class=\"elementor-element elementor-element-5083991 elementor-widget elementor-widget-heading\" data-id=\"5083991\" data-element_type=\"widget\" data-widget_type=\"heading.default\">\n\t\t\t\t<div class=\"elementor-widget-container\">\n\t\t\t\t\t<h2 class=\"elementor-heading-title elementor-size-default\"><h2 data-elementor-setting-key=\"title\" data-pen-placeholder=\"Type Here...\" style=\"font-weight: var( --e-global-typography-primary-font-weight );font-family: var( --e-global-typography-primary-font-family ), Sans-serif\"><\/h2><h3 data-elementor-setting-key=\"title\" data-pen-placeholder=\"Type Here...\" style=\"font-weight: var( --e-global-typography-primary-font-weight );font-family: var( --e-global-typography-primary-font-family ), Sans-serif\"><span style=\"font-family: var( --e-global-typography-primary-font-family ), Sans-serif;font-weight: var( --e-global-typography-primary-font-weight );text-align: var(--text-align)\"><font color=\"#c89454\">Des solutions alternatives \u00e0 l'attache<\/font><\/span><\/h3><\/h2>\t\t\t\t<\/div>\n\t\t\t\t<\/div>\n\t\t\t\t\t<\/div>\n\t\t\t\t<\/div>\n\t\t<div class=\"elementor-element elementor-element-238ec69 e-flex e-con-boxed parallax_section_no qode_elementor_container_no e-con e-parent\" data-id=\"238ec69\" data-element_type=\"container\">\n\t\t\t\t\t<div class=\"e-con-inner\">\n\t\t<div class=\"elementor-element elementor-element-57569bb e-flex e-con-boxed parallax_section_no qode_elementor_container_no e-con e-child\" data-id=\"57569bb\" data-element_type=\"container\">\n\t\t\t\t\t<div class=\"e-con-inner\">\n\t\t\t\t<div class=\"elementor-element elementor-element-8354b6a elementor-widget elementor-widget-image\" data-id=\"8354b6a\" data-element_type=\"widget\" data-widget_type=\"image.default\">\n\t\t\t\t<div class=\"elementor-widget-container\">\n\t\t\t\t\t\t\t\t\t\t\t\t\t\t\t<img fetchpriority=\"high\" decoding=\"async\" width=\"605\" height=\"364\" src=\"https:\/\/simonpotier.fr\/wp-content\/uploads\/2023\/10\/Harris-perche.tif.jpg\" class=\"attachment-large size-large wp-image-1205\" alt=\"\" srcset=\"https:\/\/simonpotier.fr\/wp-content\/uploads\/2023\/10\/Harris-perche.tif.jpg 605w, https:\/\/simonpotier.fr\/wp-content\/uploads\/2023\/10\/Harris-perche.tif-300x180.jpg 300w\" sizes=\"(max-width: 605px) 100vw, 605px\" \/>\t\t\t\t\t\t\t\t\t\t\t\t\t\t\t<\/div>\n\t\t\t\t<\/div>\n\t\t\t\t\t<\/div>\n\t\t\t\t<\/div>\n\t\t<div class=\"elementor-element elementor-element-602aa72 e-flex e-con-boxed parallax_section_no qode_elementor_container_no e-con e-child\" data-id=\"602aa72\" data-element_type=\"container\">\n\t\t\t\t\t<div class=\"e-con-inner\">\n\t\t\t\t<div class=\"elementor-element elementor-element-d013f05 elementor-widget__width-inherit elementor-widget elementor-widget-text-editor\" data-id=\"d013f05\" data-element_type=\"widget\" data-widget_type=\"text-editor.default\">\n\t\t\t\t<div class=\"elementor-widget-container\">\n\t\t\t\t\t\t\t\t\t<p>La pr\u00e9sentation des rapaces \u00e0 l&#8217;attache sur diff\u00e9rentes types de perches adapt\u00e9es est courante. Cette technique de pr\u00e9sentation d\u00e9coule directement de l&#8217;art ancestral de la fauconnerie.<\/p>\n<p>Les types de perches se sont fortement am\u00e9lior\u00e9s au court des derni\u00e8res ann\u00e9es, mais leur pr\u00e9sentation pose toujours question.<\/p>\n<p><br><\/p>\n<p>Il existe d\u00e9sormais des solutions alternatives \u00e0 la pr\u00e9sentation en perche, qui conviennent parfaitement aux individus tout en respectant l&#8217;\u00e9tat de plumage des oiseaux et donc leur bien-\u00eatre.<\/p>\t\t\t\t\t\t\t\t<\/div>\n\t\t\t\t<\/div>\n\t\t\t\t\t<\/div>\n\t\t\t\t<\/div>\n\t\t\t\t\t<\/div>\n\t\t\t\t<\/div>\n\t\t<div class=\"elementor-element elementor-element-b4aca37 e-flex e-con-boxed parallax_section_no qode_elementor_container_no e-con e-parent\" data-id=\"b4aca37\" data-element_type=\"container\">\n\t\t\t\t\t<div class=\"e-con-inner\">\n\t\t<div class=\"elementor-element elementor-element-2c7a562 e-flex e-con-boxed parallax_section_no qode_elementor_container_no e-con e-child\" data-id=\"2c7a562\" data-element_type=\"container\">\n\t\t\t\t\t<div class=\"e-con-inner\">\n\t\t<div class=\"elementor-element elementor-element-00ce3d2 e-flex e-con-boxed parallax_section_no qode_elementor_container_no e-con e-child\" data-id=\"00ce3d2\" data-element_type=\"container\">\n\t\t\t\t\t<div class=\"e-con-inner\">\n\t\t\t\t<div class=\"elementor-element elementor-element-042ea60 elementor-widget__width-inherit elementor-widget elementor-widget-text-editor\" data-id=\"042ea60\" data-element_type=\"widget\" data-widget_type=\"text-editor.default\">\n\t\t\t\t<div class=\"elementor-widget-container\">\n\t\t\t\t\t\t\t\t\t<p>Sur la base de mon exp\u00e9rience personnelle, des mes visites dans diff\u00e9rentes structures internationales et de mes comp\u00e9tences professionnelles, je peux mettre en place des solutions alternatives \u00e0 l&#8217;attache qui permettront \u00e0 la majorit\u00e9 de vos individus de se maintenir dans des voli\u00e8res con\u00e7ues sp\u00e9cifiquement \u00e0 cet effet.\u00a0<\/p><p>\u00a0<\/p><p>Depuis la mise en place de ce design particulier, les individus que je poss\u00e8de au sein de mon \u00e9tablissement (aigles, vautours, buses, autours, faucons, caracaras, hiboux, chouettes) peuvent tous se maintenir \u00e0 l&#8217;ann\u00e9e dans ces voli\u00e8res am\u00e9nag\u00e9es, et ce m\u00eame en p\u00e9riode de vol.<\/p>\t\t\t\t\t\t\t\t<\/div>\n\t\t\t\t<\/div>\n\t\t\t\t\t<\/div>\n\t\t\t\t<\/div>\n\t\t\t\t\t<\/div>\n\t\t\t\t<\/div>\n\t\t<div class=\"elementor-element elementor-element-b799206 e-flex e-con-boxed parallax_section_no qode_elementor_container_no e-con e-child\" data-id=\"b799206\" data-element_type=\"container\">\n\t\t\t\t\t<div class=\"e-con-inner\">\n\t\t\t\t<div class=\"elementor-element elementor-element-c7c00e2 elementor-widget elementor-widget-image\" data-id=\"c7c00e2\" data-element_type=\"widget\" data-widget_type=\"image.default\">\n\t\t\t\t<div class=\"elementor-widget-container\">\n\t\t\t\t\t\t\t\t\t\t\t\t\t\t\t<img decoding=\"async\" width=\"1024\" height=\"682\" src=\"https:\/\/simonpotier.fr\/wp-content\/uploads\/2023\/10\/floor-plan-1857175_1280-1024x682.jpg\" class=\"attachment-large size-large wp-image-1198\" alt=\"\" srcset=\"https:\/\/simonpotier.fr\/wp-content\/uploads\/2023\/10\/floor-plan-1857175_1280-1024x682.jpg 1024w, https:\/\/simonpotier.fr\/wp-content\/uploads\/2023\/10\/floor-plan-1857175_1280-300x200.jpg 300w, https:\/\/simonpotier.fr\/wp-content\/uploads\/2023\/10\/floor-plan-1857175_1280-768x512.jpg 768w, https:\/\/simonpotier.fr\/wp-content\/uploads\/2023\/10\/floor-plan-1857175_1280-700x466.jpg 700w, https:\/\/simonpotier.fr\/wp-content\/uploads\/2023\/10\/floor-plan-1857175_1280.jpg 1280w\" sizes=\"(max-width: 1024px) 100vw, 1024px\" \/>\t\t\t\t\t\t\t\t\t\t\t\t\t\t\t<\/div>\n\t\t\t\t<\/div>\n\t\t\t\t\t<\/div>\n\t\t\t\t<\/div>\n\t\t\t\t\t<\/div>\n\t\t\t\t<\/div>\n\t\t<div class=\"elementor-element elementor-element-61e5c24 e-flex e-con-boxed parallax_section_no qode_elementor_container_no e-con e-parent\" data-id=\"61e5c24\" data-element_type=\"container\">\n\t\t\t\t\t<div class=\"e-con-inner\">\n\t\t<div class=\"elementor-element elementor-element-83784dd e-con-full e-flex parallax_section_no qode_elementor_container_no e-con e-child\" data-id=\"83784dd\" data-element_type=\"container\">\n\t\t\t\t<div class=\"elementor-element elementor-element-8bc3922 elementor-widget__width-initial elementor-widget elementor-widget-text-editor\" data-id=\"8bc3922\" data-element_type=\"widget\" data-widget_type=\"text-editor.default\">\n\t\t\t\t<div class=\"elementor-widget-container\">\n\t\t\t\t\t\t\t\t\t<h4 style=\"background-color: #ffffff; letter-spacing: normal; text-align: center;\">Avec un suivi personnalis\u00e9, je vous propose de repenser la pr\u00e9sentation de vos individus, tout en respectant le bien-\u00eatre !<\/h4>\t\t\t\t\t\t\t\t<\/div>\n\t\t\t\t<\/div>\n\t\t\t\t<\/div>\n\t\t<div class=\"elementor-element elementor-element-affc9a0 e-con-full e-flex parallax_section_no qode_elementor_container_no e-con e-child\" data-id=\"affc9a0\" data-element_type=\"container\">\n\t\t\t\t<div class=\"elementor-element elementor-element-e00fed3 elementor-align-center elementor-widget__width-initial elementor-widget elementor-widget-button\" data-id=\"e00fed3\" data-element_type=\"widget\" data-widget_type=\"button.default\">\n\t\t\t\t<div class=\"elementor-widget-container\">\n\t\t\t\t\t\t\t\t\t<div class=\"elementor-button-wrapper\">\n\t\t\t\t\t<a class=\"elementor-button elementor-button-link elementor-size-sm\" href=\"http:\/\/simonpotier.fr\/index.php\/contact-us\/\" target=\"_blank\">\n\t\t\t\t\t\t<span class=\"elementor-button-content-wrapper\">\n\t\t\t\t\t\t\t\t\t<span class=\"elementor-button-text\">Demandez votre devis ici<\/span>\n\t\t\t\t\t<\/span>\n\t\t\t\t\t<\/a>\n\t\t\t\t<\/div>\n\t\t\t\t\t\t\t\t<\/div>\n\t\t\t\t<\/div>\n\t\t\t\t<\/div>\n\t\t\t\t\t<\/div>\n\t\t\t\t<\/div>\n\t\t<div class=\"elementor-element elementor-element-1b90725 e-flex e-con-boxed parallax_section_no qode_elementor_container_no e-con e-parent\" data-id=\"1b90725\" data-element_type=\"container\">\n\t\t\t\t\t<div class=\"e-con-inner\">\n\t\t\t\t<div class=\"elementor-element elementor-element-3d63fec elementor-align-right elementor-widget elementor-widget-button\" data-id=\"3d63fec\" data-element_type=\"widget\" data-widget_type=\"button.default\">\n\t\t\t\t<div class=\"elementor-widget-container\">\n\t\t\t\t\t\t\t\t\t<div class=\"elementor-button-wrapper\">\n\t\t\t\t\t<a class=\"elementor-button elementor-button-link elementor-size-sm\" href=\"http:\/\/simonpotier.fr\/index.php\/consulting\/\">\n\t\t\t\t\t\t<span class=\"elementor-button-content-wrapper\">\n\t\t\t\t\t\t<span class=\"elementor-button-icon\">\n\t\t\t\t<i aria-hidden=\"true\" class=\"far fa-arrow-alt-circle-left\"><\/i>\t\t\t<\/span>\n\t\t\t\t\t\t\t\t\t<span class=\"elementor-button-text\">Retour<\/span>\n\t\t\t\t\t<\/span>\n\t\t\t\t\t<\/a>\n\t\t\t\t<\/div>\n\t\t\t\t\t\t\t\t<\/div>\n\t\t\t\t<\/div>\n\t\t\t\t\t<\/div>\n\t\t\t\t<\/div>\n\t\t<div class=\"elementor-element elementor-element-dd5405e e-flex e-con-boxed parallax_section_no qode_elementor_container_no e-con e-parent\" data-id=\"dd5405e\" data-element_type=\"container\">\n\t\t\t\t\t<div class=\"e-con-inner\">\n\t\t\t\t<div class=\"elementor-element elementor-element-bc123d6 elementor-widget elementor-widget-spacer\" data-id=\"bc123d6\" data-element_type=\"widget\" data-widget_type=\"spacer.default\">\n\t\t\t\t<div class=\"elementor-widget-container\">\n\t\t\t\t\t\t\t<div class=\"elementor-spacer\">\n\t\t\t<div class=\"elementor-spacer-inner\"><\/div>\n\t\t<\/div>\n\t\t\t\t\t\t<\/div>\n\t\t\t\t<\/div>\n\t\t\t\t\t<\/div>\n\t\t\t\t<\/div>\n\t\t\t\t<\/div>\n\t\t","protected":false},"excerpt":{"rendered":"<p>Des solutions alternatives \u00e0 l&#8217;attache La pr\u00e9sentation des rapaces \u00e0 l&#8217;attache sur diff\u00e9rentes types de perches adapt\u00e9es est courante. Cette technique de pr\u00e9sentation d\u00e9coule directement de l&#8217;art ancestral de la fauconnerie. Les types de perches se sont fortement am\u00e9lior\u00e9s au court des derni\u00e8res ann\u00e9es, mais&#8230;<\/p>\n","protected":false},"author":1,"featured_media":0,"parent":0,"menu_order":0,"comment_status":"closed","ping_status":"closed","template":"","meta":{"content-type":"","footnotes":""},"class_list":["post-1199","page","type-page","status-publish","hentry"],"_links":{"self":[{"href":"https:\/\/simonpotier.fr\/index.php\/wp-json\/wp\/v2\/pages\/1199","targetHints":{"allow":["GET"]}}],"collection":[{"href":"https:\/\/simonpotier.fr\/index.php\/wp-json\/wp\/v2\/pages"}],"about":[{"href":"https:\/\/simonpotier.fr\/index.php\/wp-json\/wp\/v2\/types\/page"}],"author":[{"embeddable":true,"href":"https:\/\/simonpotier.fr\/index.php\/wp-json\/wp\/v2\/users\/1"}],"replies":[{"embeddable":true,"href":"https:\/\/simonpotier.fr\/index.php\/wp-json\/wp\/v2\/comments?post=1199"}],"version-history":[{"count":28,"href":"https:\/\/simonpotier.fr\/index.php\/wp-json\/wp\/v2\/pages\/1199\/revisions"}],"predecessor-version":[{"id":2151,"href":"https:\/\/simonpotier.fr\/index.php\/wp-json\/wp\/v2\/pages\/1199\/revisions\/2151"}],"wp:attachment":[{"href":"https:\/\/simonpotier.fr\/index.php\/wp-json\/wp\/v2\/media?parent=1199"}],"curies":[{"name":"wp","href":"https:\/\/api.w.org\/{rel}","templated":true}]}}