{"id":1236,"date":"2023-10-27T17:58:43","date_gmt":"2023-10-27T15:58:43","guid":{"rendered":"http:\/\/simonpotmn.cluster020.hosting.ovh.net\/?page_id=1236"},"modified":"2023-11-29T21:01:29","modified_gmt":"2023-11-29T20:01:29","slug":"re","status":"publish","type":"page","link":"https:\/\/simonpotier.fr\/index.php\/re\/","title":{"rendered":"R\u00e9duction des collisions entre l&#8217;avifaune et les dispositifs anthropiques"},"content":{"rendered":"\t\t<div data-elementor-type=\"wp-page\" data-elementor-id=\"1236\" class=\"elementor elementor-1236\">\n\t\t\t\t<div class=\"elementor-element elementor-element-bb357e3 e-flex e-con-boxed parallax_section_no qode_elementor_container_no e-con e-parent\" data-id=\"bb357e3\" data-element_type=\"container\">\n\t\t\t\t\t<div class=\"e-con-inner\">\n\t\t\t\t<div class=\"elementor-element elementor-element-1690bb3 elementor-widget elementor-widget-heading\" data-id=\"1690bb3\" data-element_type=\"widget\" data-widget_type=\"heading.default\">\n\t\t\t\t<div class=\"elementor-widget-container\">\n\t\t\t\t\t<h2 class=\"elementor-heading-title elementor-size-default\"><h2 data-elementor-setting-key=\"title\" data-pen-placeholder=\"Type Here...\" style=\"font-weight: var( --e-global-typography-primary-font-weight );font-family: var( --e-global-typography-primary-font-family ), Sans-serif\"><\/h2><h3 data-elementor-setting-key=\"title\" data-pen-placeholder=\"Type Here...\" style=\"font-weight: var( --e-global-typography-primary-font-weight );font-family: var( --e-global-typography-primary-font-family ), Sans-serif\"><span style=\"font-family: var( --e-global-typography-primary-font-family ), Sans-serif;font-weight: var( --e-global-typography-primary-font-weight );text-align: var(--text-align)\"><font color=\"#c89454\">Apporter des connaissances visuelles pour r\u00e9duire les collisions !<\/font><\/span><\/h3><\/h2>\t\t\t\t<\/div>\n\t\t\t\t<\/div>\n\t\t\t\t\t<\/div>\n\t\t\t\t<\/div>\n\t\t<div class=\"elementor-element elementor-element-60c97a1 e-flex e-con-boxed parallax_section_no qode_elementor_container_no e-con e-parent\" data-id=\"60c97a1\" data-element_type=\"container\">\n\t\t\t\t\t<div class=\"e-con-inner\">\n\t\t\t\t<div class=\"elementor-element elementor-element-1722a2d elementor-widget elementor-widget-text-editor\" data-id=\"1722a2d\" data-element_type=\"widget\" data-widget_type=\"text-editor.default\">\n\t\t\t\t<div class=\"elementor-widget-container\">\n\t\t\t\t\t\t\t\t\t<p>Les dispositifs anthropiques, tels que les \u00e9oliennes, c\u00e2bles \u00e9lectriques et ferroviaires, remont\u00e9es m\u00e9caniques&#8230; augmentent de mani\u00e8re exponentielle. Ces nouveaux obstacles constituent un challenge \u00e9volutif important pour les oiseaux.<\/p>\t\t\t\t\t\t\t\t<\/div>\n\t\t\t\t<\/div>\n\t\t\t\t\t<\/div>\n\t\t\t\t<\/div>\n\t\t<div class=\"elementor-element elementor-element-b55c794 e-flex e-con-boxed parallax_section_no qode_elementor_container_no e-con e-parent\" data-id=\"b55c794\" data-element_type=\"container\">\n\t\t\t\t\t<div class=\"e-con-inner\">\n\t\t<div class=\"elementor-element elementor-element-3cb350f e-con-full e-flex parallax_section_no qode_elementor_container_no e-con e-child\" data-id=\"3cb350f\" data-element_type=\"container\">\n\t\t\t\t<div class=\"elementor-element elementor-element-7d59a30 elementor-widget__width-initial elementor-widget elementor-widget-image\" data-id=\"7d59a30\" data-element_type=\"widget\" data-widget_type=\"image.default\">\n\t\t\t\t<div class=\"elementor-widget-container\">\n\t\t\t\t\t\t\t\t\t\t\t\t\t\t\t<img fetchpriority=\"high\" decoding=\"async\" width=\"1024\" height=\"818\" src=\"https:\/\/simonpotier.fr\/wp-content\/uploads\/2023\/10\/Visual-field-rapport-Red-kites-4-1-1024x818.jpg\" class=\"attachment-large size-large wp-image-1242\" alt=\"\" srcset=\"https:\/\/simonpotier.fr\/wp-content\/uploads\/2023\/10\/Visual-field-rapport-Red-kites-4-1-1024x818.jpg 1024w, https:\/\/simonpotier.fr\/wp-content\/uploads\/2023\/10\/Visual-field-rapport-Red-kites-4-1-300x240.jpg 300w, https:\/\/simonpotier.fr\/wp-content\/uploads\/2023\/10\/Visual-field-rapport-Red-kites-4-1-768x613.jpg 768w, https:\/\/simonpotier.fr\/wp-content\/uploads\/2023\/10\/Visual-field-rapport-Red-kites-4-1-1536x1227.jpg 1536w, https:\/\/simonpotier.fr\/wp-content\/uploads\/2023\/10\/Visual-field-rapport-Red-kites-4-1-2048x1636.jpg 2048w, https:\/\/simonpotier.fr\/wp-content\/uploads\/2023\/10\/Visual-field-rapport-Red-kites-4-1-700x559.jpg 700w\" sizes=\"(max-width: 1024px) 100vw, 1024px\" \/>\t\t\t\t\t\t\t\t\t\t\t\t\t\t\t<\/div>\n\t\t\t\t<\/div>\n\t\t\t\t<\/div>\n\t\t<div class=\"elementor-element elementor-element-6c59bcb e-flex e-con-boxed parallax_section_no qode_elementor_container_no e-con e-child\" data-id=\"6c59bcb\" data-element_type=\"container\">\n\t\t\t\t\t<div class=\"e-con-inner\">\n\t\t\t\t<div class=\"elementor-element elementor-element-81d1b74 elementor-widget elementor-widget-text-editor\" data-id=\"81d1b74\" data-element_type=\"widget\" data-widget_type=\"text-editor.default\">\n\t\t\t\t<div class=\"elementor-widget-container\">\n\t\t\t\t\t\t\t\t\t<p>En effet, les oiseaux peuvent ne pas \u00eatre adapt\u00e9s aux d\u00e9fis propos\u00e9s. Notamment, certains oiseaux, comme les vautours fauves ou les milans royaux ont un champ visuel trop r\u00e9duit pour voir dans la direction de leur vol lorsqu&#8217;ils recherchent leur nourriture. Ils ne peuvent donc pas identifier d&#8217;\u00e9ventuels obstacles qui se trouveraient devant le trajectoire de vol.\u00a0<\/p><p>\u00a0<\/p><p>D&#8217;autres composantes visuelles peuvent \u00e9galement expliquer les collisions, comme l&#8217;acuit\u00e9 visuelle, la perception des contrastes ou encore la gamme de couleurs perceptibles.\u00a0<\/p><p>\u00a0<\/p><p>Afin de r\u00e9duire les trop nombreuses collisions, il convient donc d&#8217;\u00e9tudier ces composantes visuelles pour proposer des solutions efficaces.<\/p>\t\t\t\t\t\t\t\t<\/div>\n\t\t\t\t<\/div>\n\t\t\t\t\t<\/div>\n\t\t\t\t<\/div>\n\t\t\t\t\t<\/div>\n\t\t\t\t<\/div>\n\t\t<div class=\"elementor-element elementor-element-88efaae e-flex e-con-boxed parallax_section_no qode_elementor_container_no e-con e-parent\" data-id=\"88efaae\" data-element_type=\"container\">\n\t\t\t\t\t<div class=\"e-con-inner\">\n\t\t\t\t<div class=\"elementor-element elementor-element-977be0e elementor-widget elementor-widget-spacer\" data-id=\"977be0e\" data-element_type=\"widget\" data-widget_type=\"spacer.default\">\n\t\t\t\t<div class=\"elementor-widget-container\">\n\t\t\t\t\t\t\t<div class=\"elementor-spacer\">\n\t\t\t<div class=\"elementor-spacer-inner\"><\/div>\n\t\t<\/div>\n\t\t\t\t\t\t<\/div>\n\t\t\t\t<\/div>\n\t\t\t\t\t<\/div>\n\t\t\t\t<\/div>\n\t\t<div class=\"elementor-element elementor-element-a5ce76b e-flex e-con-boxed parallax_section_no qode_elementor_container_no e-con e-parent\" data-id=\"a5ce76b\" data-element_type=\"container\">\n\t\t\t\t\t<div class=\"e-con-inner\">\n\t\t\t\t<div class=\"elementor-element elementor-element-12aecd2 elementor-widget elementor-widget-text-editor\" data-id=\"12aecd2\" data-element_type=\"widget\" data-widget_type=\"text-editor.default\">\n\t\t\t\t<div class=\"elementor-widget-container\">\n\t\t\t\t\t\t\t\t\t<h4 style=\"background-color: #ffffff; letter-spacing: normal; text-align: center;\">Je vous propose une expertise scientifique unique afin de r\u00e9duire l&#8217;impact de ces dispositifs sur l&#8217;avifaune !<\/h4>\t\t\t\t\t\t\t\t<\/div>\n\t\t\t\t<\/div>\n\t\t\t\t\t<\/div>\n\t\t\t\t<\/div>\n\t\t<div class=\"elementor-element elementor-element-4d8c954 e-flex e-con-boxed parallax_section_no qode_elementor_container_no e-con e-parent\" data-id=\"4d8c954\" data-element_type=\"container\">\n\t\t\t\t\t<div class=\"e-con-inner\">\n\t\t\t\t<div class=\"elementor-element elementor-element-4ac5ca0 elementor-widget elementor-widget-text-editor\" data-id=\"4ac5ca0\" data-element_type=\"widget\" data-widget_type=\"text-editor.default\">\n\t\t\t\t<div class=\"elementor-widget-container\">\n\t\t\t\t\t\t\t\t\t<p>Je propose d&#8217;apporter mon expertise afin de r\u00e9pondre \u00e0 vos projets, via diverses solutions pr\u00e9sent\u00e9es ci-dessous :\u00a0<\/p>\t\t\t\t\t\t\t\t<\/div>\n\t\t\t\t<\/div>\n\t\t\t\t\t<\/div>\n\t\t\t\t<\/div>\n\t\t<div class=\"elementor-element elementor-element-f9c508d e-flex e-con-boxed parallax_section_no qode_elementor_container_no e-con e-parent\" data-id=\"f9c508d\" data-element_type=\"container\">\n\t\t\t\t\t<div class=\"e-con-inner\">\n\t\t<div class=\"elementor-element elementor-element-dcea3e3 e-flex e-con-boxed parallax_section_no qode_elementor_container_no e-con e-child\" data-id=\"dcea3e3\" data-element_type=\"container\">\n\t\t\t\t\t<div class=\"e-con-inner\">\n\t\t<div class=\"elementor-element elementor-element-9a069d7 e-flex e-con-boxed parallax_section_no qode_elementor_container_no e-con e-child\" data-id=\"9a069d7\" data-element_type=\"container\">\n\t\t\t\t\t<div class=\"e-con-inner\">\n\t\t\t\t<div class=\"elementor-element elementor-element-b4d45d1 elementor-view-default elementor-widget elementor-widget-icon\" data-id=\"b4d45d1\" data-element_type=\"widget\" data-widget_type=\"icon.default\">\n\t\t\t\t<div class=\"elementor-widget-container\">\n\t\t\t\t\t\t\t<div class=\"elementor-icon-wrapper\">\n\t\t\t<div class=\"elementor-icon\">\n\t\t\t<i aria-hidden=\"true\" class=\"fas fa-microscope\"><\/i>\t\t\t<\/div>\n\t\t<\/div>\n\t\t\t\t\t\t<\/div>\n\t\t\t\t<\/div>\n\t\t\t\t\t<\/div>\n\t\t\t\t<\/div>\n\t\t<div class=\"elementor-element elementor-element-d721604 e-flex e-con-boxed parallax_section_no qode_elementor_container_no e-con e-child\" data-id=\"d721604\" data-element_type=\"container\">\n\t\t\t\t\t<div class=\"e-con-inner\">\n\t\t\t\t<div class=\"elementor-element elementor-element-f8e4c33 elementor-view-default elementor-widget elementor-widget-icon\" data-id=\"f8e4c33\" data-element_type=\"widget\" data-widget_type=\"icon.default\">\n\t\t\t\t<div class=\"elementor-widget-container\">\n\t\t\t\t\t\t\t<div class=\"elementor-icon-wrapper\">\n\t\t\t<div class=\"elementor-icon\">\n\t\t\t<i aria-hidden=\"true\" class=\"fas fa-book-open\"><\/i>\t\t\t<\/div>\n\t\t<\/div>\n\t\t\t\t\t\t<\/div>\n\t\t\t\t<\/div>\n\t\t\t\t\t<\/div>\n\t\t\t\t<\/div>\n\t\t<div class=\"elementor-element elementor-element-73d14eb e-flex e-con-boxed parallax_section_no qode_elementor_container_no e-con e-child\" data-id=\"73d14eb\" data-element_type=\"container\">\n\t\t\t\t\t<div class=\"e-con-inner\">\n\t\t\t\t<div class=\"elementor-element elementor-element-be26d66 elementor-view-default elementor-widget elementor-widget-icon\" data-id=\"be26d66\" data-element_type=\"widget\" data-widget_type=\"icon.default\">\n\t\t\t\t<div class=\"elementor-widget-container\">\n\t\t\t\t\t\t\t<div class=\"elementor-icon-wrapper\">\n\t\t\t<div class=\"elementor-icon\">\n\t\t\t<i aria-hidden=\"true\" class=\"fas fa-signal\"><\/i>\t\t\t<\/div>\n\t\t<\/div>\n\t\t\t\t\t\t<\/div>\n\t\t\t\t<\/div>\n\t\t\t\t\t<\/div>\n\t\t\t\t<\/div>\n\t\t<div class=\"elementor-element elementor-element-5cf9812 e-flex e-con-boxed parallax_section_no qode_elementor_container_no e-con e-child\" data-id=\"5cf9812\" data-element_type=\"container\">\n\t\t\t\t\t<div class=\"e-con-inner\">\n\t\t\t\t<div class=\"elementor-element elementor-element-596ebb7 elementor-view-default elementor-widget elementor-widget-icon\" data-id=\"596ebb7\" data-element_type=\"widget\" data-widget_type=\"icon.default\">\n\t\t\t\t<div class=\"elementor-widget-container\">\n\t\t\t\t\t\t\t<div class=\"elementor-icon-wrapper\">\n\t\t\t<div class=\"elementor-icon\">\n\t\t\t<i aria-hidden=\"true\" class=\"fas fa-book\"><\/i>\t\t\t<\/div>\n\t\t<\/div>\n\t\t\t\t\t\t<\/div>\n\t\t\t\t<\/div>\n\t\t\t\t\t<\/div>\n\t\t\t\t<\/div>\n\t\t\t\t\t<\/div>\n\t\t\t\t<\/div>\n\t\t\t\t\t<\/div>\n\t\t\t\t<\/div>\n\t\t<div class=\"elementor-element elementor-element-f4cb439 e-flex e-con-boxed parallax_section_no qode_elementor_container_no e-con e-parent\" data-id=\"f4cb439\" data-element_type=\"container\">\n\t\t\t\t\t<div class=\"e-con-inner\">\n\t\t<div class=\"elementor-element elementor-element-ea79292 e-flex e-con-boxed parallax_section_no qode_elementor_container_no e-con e-child\" data-id=\"ea79292\" data-element_type=\"container\">\n\t\t\t\t\t<div class=\"e-con-inner\">\n\t\t\t\t<div class=\"elementor-element elementor-element-ee426be elementor-widget elementor-widget-text-editor\" data-id=\"ee426be\" data-element_type=\"widget\" data-widget_type=\"text-editor.default\">\n\t\t\t\t<div class=\"elementor-widget-container\">\n\t\t\t\t\t\t\t\t\t<p>Mise en place de travaux de recherche sur la vision des esp\u00e8ces cibles<\/p>\t\t\t\t\t\t\t\t<\/div>\n\t\t\t\t<\/div>\n\t\t\t\t\t<\/div>\n\t\t\t\t<\/div>\n\t\t<div class=\"elementor-element elementor-element-7af3caf e-flex e-con-boxed parallax_section_no qode_elementor_container_no e-con e-child\" data-id=\"7af3caf\" data-element_type=\"container\">\n\t\t\t\t\t<div class=\"e-con-inner\">\n\t\t\t\t<div class=\"elementor-element elementor-element-c7db40a elementor-widget elementor-widget-text-editor\" data-id=\"c7db40a\" data-element_type=\"widget\" data-widget_type=\"text-editor.default\">\n\t\t\t\t<div class=\"elementor-widget-container\">\n\t\t\t\t\t\t\t\t\t<p>Mise en place d&#8217;un cahier des charges<\/p>\t\t\t\t\t\t\t\t<\/div>\n\t\t\t\t<\/div>\n\t\t\t\t\t<\/div>\n\t\t\t\t<\/div>\n\t\t<div class=\"elementor-element elementor-element-e3ad22b e-flex e-con-boxed parallax_section_no qode_elementor_container_no e-con e-child\" data-id=\"e3ad22b\" data-element_type=\"container\">\n\t\t\t\t\t<div class=\"e-con-inner\">\n\t\t\t\t<div class=\"elementor-element elementor-element-dd80cff elementor-widget elementor-widget-text-editor\" data-id=\"dd80cff\" data-element_type=\"widget\" data-widget_type=\"text-editor.default\">\n\t\t\t\t<div class=\"elementor-widget-container\">\n\t\t\t\t\t\t\t\t\t<p>D\u00e9veloppement de balises visuelles adapt\u00e9es \u00e0 la vision des esp\u00e8ces cibles<\/p>\t\t\t\t\t\t\t\t<\/div>\n\t\t\t\t<\/div>\n\t\t\t\t\t<\/div>\n\t\t\t\t<\/div>\n\t\t<div class=\"elementor-element elementor-element-cd47f9e e-flex e-con-boxed parallax_section_no qode_elementor_container_no e-con e-child\" data-id=\"cd47f9e\" data-element_type=\"container\">\n\t\t\t\t\t<div class=\"e-con-inner\">\n\t\t\t\t<div class=\"elementor-element elementor-element-2382a46 elementor-widget elementor-widget-text-editor\" data-id=\"2382a46\" data-element_type=\"widget\" data-widget_type=\"text-editor.default\">\n\t\t\t\t<div class=\"elementor-widget-container\">\n\t\t\t\t\t\t\t\t\t<p>Revue bibliographique sur les capacit\u00e9s visuelles des esp\u00e8ces cibles<\/p>\t\t\t\t\t\t\t\t<\/div>\n\t\t\t\t<\/div>\n\t\t\t\t\t<\/div>\n\t\t\t\t<\/div>\n\t\t\t\t\t<\/div>\n\t\t\t\t<\/div>\n\t\t<div class=\"elementor-element elementor-element-62f1985 e-flex e-con-boxed parallax_section_no qode_elementor_container_no e-con e-parent\" data-id=\"62f1985\" data-element_type=\"container\">\n\t\t\t\t\t<div class=\"e-con-inner\">\n\t\t\t\t<div class=\"elementor-element elementor-element-4ee7d82 elementor-align-center elementor-widget elementor-widget-button\" data-id=\"4ee7d82\" data-element_type=\"widget\" data-widget_type=\"button.default\">\n\t\t\t\t<div class=\"elementor-widget-container\">\n\t\t\t\t\t\t\t\t\t<div class=\"elementor-button-wrapper\">\n\t\t\t\t\t<a class=\"elementor-button elementor-button-link elementor-size-sm\" href=\"http:\/\/simonpotier.fr\/index.php\/contact-us\/\" target=\"_blank\">\n\t\t\t\t\t\t<span class=\"elementor-button-content-wrapper\">\n\t\t\t\t\t\t\t\t\t<span class=\"elementor-button-text\">Demandez votre devis ici<\/span>\n\t\t\t\t\t<\/span>\n\t\t\t\t\t<\/a>\n\t\t\t\t<\/div>\n\t\t\t\t\t\t\t\t<\/div>\n\t\t\t\t<\/div>\n\t\t\t\t<div class=\"elementor-element elementor-element-ce2db64 elementor-widget elementor-widget-spacer\" data-id=\"ce2db64\" data-element_type=\"widget\" data-widget_type=\"spacer.default\">\n\t\t\t\t<div class=\"elementor-widget-container\">\n\t\t\t\t\t\t\t<div class=\"elementor-spacer\">\n\t\t\t<div class=\"elementor-spacer-inner\"><\/div>\n\t\t<\/div>\n\t\t\t\t\t\t<\/div>\n\t\t\t\t<\/div>\n\t\t\t\t\t<\/div>\n\t\t\t\t<\/div>\n\t\t<div class=\"elementor-element elementor-element-7628c66 e-flex e-con-boxed parallax_section_no qode_elementor_container_no e-con e-parent\" data-id=\"7628c66\" data-element_type=\"container\">\n\t\t\t\t\t<div class=\"e-con-inner\">\n\t\t\t\t<div class=\"elementor-element elementor-element-1adab9a elementor-widget elementor-widget-text-editor\" data-id=\"1adab9a\" data-element_type=\"widget\" data-widget_type=\"text-editor.default\">\n\t\t\t\t<div class=\"elementor-widget-container\">\n\t\t\t\t\t\t\t\t\t<h4 style=\"background-color: #ffffff; letter-spacing: normal; text-align: center;\">Quelques projets r\u00e9alis\u00e9s<\/h4>\t\t\t\t\t\t\t\t<\/div>\n\t\t\t\t<\/div>\n\t\t\t\t\t<\/div>\n\t\t\t\t<\/div>\n\t\t<div class=\"elementor-element elementor-element-0298d43 e-con-full e-flex parallax_section_no qode_elementor_container_no e-con e-parent\" data-id=\"0298d43\" data-element_type=\"container\">\n\t\t\t\t<div class=\"elementor-element elementor-element-0e35393 elementor-widget__width-inherit elementor-widget elementor-widget-bridge_cover_boxes\" data-id=\"0e35393\" data-element_type=\"widget\" data-widget_type=\"bridge_cover_boxes.default\">\n\t\t\t\t<div class=\"elementor-widget-container\">\n\t\t\t\t\t<div class='cover_boxes' data-active-element='1'><ul class='clearfix'><li><div class='box'><a itemprop='url' class='thumb' href='https:\/\/scholar.google.com\/citations?hl=fr&user=P20OR1oAAAAJ&view_op=list_works&sortby=pubdate' target='_blank'><img itemprop='image' alt='Vision et collision' src='https:\/\/simonpotier.fr\/wp-content\/uploads\/2023\/10\/LogoMAPE.jpg' \/><\/a><div class='box_content'><h3 >Vision et collision<\/h3><p >Pourquoi les oiseaux se prennent les \u00e9oliennes ?<\/p><a itemprop='url' class='qbutton tiny' href='https:\/\/scholar.google.com\/citations?hl=fr&user=P20OR1oAAAAJ&view_op=list_works&sortby=pubdate' target='_blank'>Acc\u00e8s aux publications<\/a><\/div><\/div><\/li><li><div class='box'><a itemprop='url' class='thumb' href='https:\/\/scholar.google.com\/citations?hl=fr&user=P20OR1oAAAAJ&view_op=list_works&sortby=pubdate' target='_blank'><img itemprop='image' alt='Perception de la rotation' src='https:\/\/simonpotier.fr\/wp-content\/uploads\/2023\/11\/Eoliennes_brume_Plan-de-travail-1.png' \/><\/a><div class='box_content'><h3 >Perception de la rotation<\/h3><p >Quand les oiseaux n'identifient pas les rotations lentes des \u00e9oliennes !<\/p><a itemprop='url' class='qbutton tiny' href='https:\/\/scholar.google.com\/citations?hl=fr&user=P20OR1oAAAAJ&view_op=list_works&sortby=pubdate' target='_blank'>Acc\u00e8s aux publications<\/a><\/div><\/div><\/li><li><div class='box'><a itemprop='url' class='thumb' href='https:\/\/scholar.google.com\/citations?hl=fr&user=P20OR1oAAAAJ&view_op=list_works&sortby=pubdate' target='_blank'><img itemprop='image' alt='Collisions dans les stations de ski' src='https:\/\/simonpotier.fr\/wp-content\/uploads\/2023\/11\/Tetras_Plan-de-travail-1.png' \/><\/a><div class='box_content'><h3 >Collisions dans les stations de ski<\/h3><p >Quelles solutions visuelles pour \u00e9viter les collisions des t\u00e9tras-lyre ?<\/p><a itemprop='url' class='qbutton tiny' href='https:\/\/scholar.google.com\/citations?hl=fr&user=P20OR1oAAAAJ&view_op=list_works&sortby=pubdate' target='_blank'>Acc\u00e8s aux publications<\/a><\/div><\/div><\/li><\/ul><\/div>\t\t\t\t<\/div>\n\t\t\t\t<\/div>\n\t\t\t\t<\/div>\n\t\t<div class=\"elementor-element elementor-element-cadbde1 e-flex e-con-boxed parallax_section_no qode_elementor_container_no e-con e-parent\" data-id=\"cadbde1\" data-element_type=\"container\">\n\t\t\t\t\t<div class=\"e-con-inner\">\n\t\t\t\t<div class=\"elementor-element elementor-element-0fefdef elementor-widget elementor-widget-spacer\" data-id=\"0fefdef\" data-element_type=\"widget\" data-widget_type=\"spacer.default\">\n\t\t\t\t<div class=\"elementor-widget-container\">\n\t\t\t\t\t\t\t<div class=\"elementor-spacer\">\n\t\t\t<div class=\"elementor-spacer-inner\"><\/div>\n\t\t<\/div>\n\t\t\t\t\t\t<\/div>\n\t\t\t\t<\/div>\n\t\t\t\t\t<\/div>\n\t\t\t\t<\/div>\n\t\t<div class=\"elementor-element elementor-element-4dafbd2 e-flex e-con-boxed parallax_section_no qode_elementor_container_no e-con e-parent\" data-id=\"4dafbd2\" data-element_type=\"container\">\n\t\t\t\t\t<div class=\"e-con-inner\">\n\t\t\t\t<div class=\"elementor-element elementor-element-c52f54b elementor-align-right elementor-widget elementor-widget-button\" data-id=\"c52f54b\" data-element_type=\"widget\" data-widget_type=\"button.default\">\n\t\t\t\t<div class=\"elementor-widget-container\">\n\t\t\t\t\t\t\t\t\t<div class=\"elementor-button-wrapper\">\n\t\t\t\t\t<a class=\"elementor-button elementor-button-link elementor-size-sm\" href=\"http:\/\/simonpotier.fr\/index.php\/consulting\/\">\n\t\t\t\t\t\t<span class=\"elementor-button-content-wrapper\">\n\t\t\t\t\t\t<span class=\"elementor-button-icon\">\n\t\t\t\t<i aria-hidden=\"true\" class=\"far fa-arrow-alt-circle-left\"><\/i>\t\t\t<\/span>\n\t\t\t\t\t\t\t\t\t<span class=\"elementor-button-text\">Retour<\/span>\n\t\t\t\t\t<\/span>\n\t\t\t\t\t<\/a>\n\t\t\t\t<\/div>\n\t\t\t\t\t\t\t\t<\/div>\n\t\t\t\t<\/div>\n\t\t\t\t\t<\/div>\n\t\t\t\t<\/div>\n\t\t<div class=\"elementor-element elementor-element-f01f8bf e-flex e-con-boxed parallax_section_no qode_elementor_container_no e-con e-parent\" data-id=\"f01f8bf\" data-element_type=\"container\">\n\t\t\t\t\t<div class=\"e-con-inner\">\n\t\t\t\t<div class=\"elementor-element elementor-element-207a677 elementor-widget elementor-widget-spacer\" data-id=\"207a677\" data-element_type=\"widget\" data-widget_type=\"spacer.default\">\n\t\t\t\t<div class=\"elementor-widget-container\">\n\t\t\t\t\t\t\t<div class=\"elementor-spacer\">\n\t\t\t<div class=\"elementor-spacer-inner\"><\/div>\n\t\t<\/div>\n\t\t\t\t\t\t<\/div>\n\t\t\t\t<\/div>\n\t\t\t\t\t<\/div>\n\t\t\t\t<\/div>\n\t\t\t\t<\/div>\n\t\t","protected":false},"excerpt":{"rendered":"<p>Apporter des connaissances visuelles pour r\u00e9duire les collisions ! Les dispositifs anthropiques, tels que les \u00e9oliennes, c\u00e2bles \u00e9lectriques et ferroviaires, remont\u00e9es m\u00e9caniques&#8230; augmentent de mani\u00e8re exponentielle. Ces nouveaux obstacles constituent un challenge \u00e9volutif important pour les oiseaux. En effet, les oiseaux peuvent ne pas \u00eatre&#8230;<\/p>\n","protected":false},"author":1,"featured_media":0,"parent":0,"menu_order":0,"comment_status":"closed","ping_status":"closed","template":"","meta":{"content-type":"","footnotes":""},"class_list":["post-1236","page","type-page","status-publish","hentry"],"_links":{"self":[{"href":"https:\/\/simonpotier.fr\/index.php\/wp-json\/wp\/v2\/pages\/1236","targetHints":{"allow":["GET"]}}],"collection":[{"href":"https:\/\/simonpotier.fr\/index.php\/wp-json\/wp\/v2\/pages"}],"about":[{"href":"https:\/\/simonpotier.fr\/index.php\/wp-json\/wp\/v2\/types\/page"}],"author":[{"embeddable":true,"href":"https:\/\/simonpotier.fr\/index.php\/wp-json\/wp\/v2\/users\/1"}],"replies":[{"embeddable":true,"href":"https:\/\/simonpotier.fr\/index.php\/wp-json\/wp\/v2\/comments?post=1236"}],"version-history":[{"count":31,"href":"https:\/\/simonpotier.fr\/index.php\/wp-json\/wp\/v2\/pages\/1236\/revisions"}],"predecessor-version":[{"id":2178,"href":"https:\/\/simonpotier.fr\/index.php\/wp-json\/wp\/v2\/pages\/1236\/revisions\/2178"}],"wp:attachment":[{"href":"https:\/\/simonpotier.fr\/index.php\/wp-json\/wp\/v2\/media?parent=1236"}],"curies":[{"name":"wp","href":"https:\/\/api.w.org\/{rel}","templated":true}]}}