{"id":1401,"date":"2023-10-31T16:10:58","date_gmt":"2023-10-31T15:10:58","guid":{"rendered":"http:\/\/simonpotmn.cluster020.hosting.ovh.net\/?page_id=1401"},"modified":"2024-09-06T16:32:44","modified_gmt":"2024-09-06T14:32:44","slug":"supports-pedagogiques","status":"publish","type":"page","link":"https:\/\/simonpotier.fr\/index.php\/supports-pedagogiques\/","title":{"rendered":"Supports p\u00e9dagogiques"},"content":{"rendered":"\t\t<div data-elementor-type=\"wp-page\" data-elementor-id=\"1401\" class=\"elementor elementor-1401\">\n\t\t\t\t<div class=\"elementor-element elementor-element-8c1c764 e-flex e-con-boxed parallax_section_no qode_elementor_container_no e-con e-parent\" data-id=\"8c1c764\" data-element_type=\"container\">\n\t\t\t\t\t<div class=\"e-con-inner\">\n\t\t\t\t<div class=\"elementor-element elementor-element-7127f18 elementor-widget elementor-widget-heading\" data-id=\"7127f18\" data-element_type=\"widget\" data-widget_type=\"heading.default\">\n\t\t\t\t<div class=\"elementor-widget-container\">\n\t\t\t\t\t<h2 class=\"elementor-heading-title elementor-size-default\"><h2 data-elementor-setting-key=\"title\" data-pen-placeholder=\"Type Here...\" style=\"font-weight: var( --e-global-typography-primary-font-weight );font-family: var( --e-global-typography-primary-font-family ), Sans-serif\"><\/h2><h3 data-elementor-setting-key=\"title\" data-pen-placeholder=\"Type Here...\" style=\"font-weight: var( --e-global-typography-primary-font-weight );font-family: var( --e-global-typography-primary-font-family ), Sans-serif\"><span style=\"font-family: var( --e-global-typography-primary-font-family ), Sans-serif;font-weight: var( --e-global-typography-primary-font-weight );text-align: var(--text-align)\"><font color=\"#c89454\">Des supports p\u00e9dagogiques valid\u00e9s scientifiquement !<\/font><\/span><\/h3><\/h2>\t\t\t\t<\/div>\n\t\t\t\t<\/div>\n\t\t\t\t\t<\/div>\n\t\t\t\t<\/div>\n\t\t<div class=\"elementor-element elementor-element-b29f1af e-flex e-con-boxed parallax_section_no qode_elementor_container_no e-con e-parent\" data-id=\"b29f1af\" data-element_type=\"container\">\n\t\t\t\t\t<div class=\"e-con-inner\">\n\t\t\t\t<div class=\"elementor-element elementor-element-63ba02a elementor-widget elementor-widget-text-editor\" data-id=\"63ba02a\" data-element_type=\"widget\" data-widget_type=\"text-editor.default\">\n\t\t\t\t<div class=\"elementor-widget-container\">\n\t\t\t\t\t\t\t\t\t<h4>De la validation \u00e0 la cr\u00e9ation<\/h4>\t\t\t\t\t\t\t\t<\/div>\n\t\t\t\t<\/div>\n\t\t\t\t\t<\/div>\n\t\t\t\t<\/div>\n\t\t<div class=\"elementor-element elementor-element-9caf6e9 e-flex e-con-boxed parallax_section_no qode_elementor_container_no e-con e-parent\" data-id=\"9caf6e9\" data-element_type=\"container\">\n\t\t\t\t\t<div class=\"e-con-inner\">\n\t\t\t\t<div class=\"elementor-element elementor-element-065c310 elementor-widget elementor-widget-text-editor\" data-id=\"065c310\" data-element_type=\"widget\" data-widget_type=\"text-editor.default\">\n\t\t\t\t<div class=\"elementor-widget-container\">\n\t\t\t\t\t\t\t\t\t<p>La p\u00e9dagogie est l&#8217;une des 3 missions importantes des \u00e9tablissements zoologiques. Cette p\u00e9dagogique peut-\u00eatre orale ou \u00e9crite. Dans le cas de la p\u00e9dagogie \u00e9crite, des panneaux p\u00e9dagogiques peuvent \u00eatre dispos\u00e9s pour pr\u00e9senter des esp\u00e8ces, des programmes de conservation ou tout autre information utile.<br \/><br \/>Je propose de vous accompagner dans la conception de vos supports p\u00e9dagogiques, soit par la validation des informations pr\u00e9sentes, soit par la cr\u00e9ation de contenu, ou encore par la cr\u00e9ation de contenu et du visuel.\u00a0<\/p>\t\t\t\t\t\t\t\t<\/div>\n\t\t\t\t<\/div>\n\t\t\t\t\t<\/div>\n\t\t\t\t<\/div>\n\t\t<div class=\"elementor-element elementor-element-8a7c51a e-flex e-con-boxed parallax_section_no qode_elementor_container_no e-con e-parent\" data-id=\"8a7c51a\" data-element_type=\"container\">\n\t\t\t\t\t<div class=\"e-con-inner\">\n\t\t\t\t<div class=\"elementor-element elementor-element-9a8d5f7 elementor-widget elementor-widget-spacer\" data-id=\"9a8d5f7\" data-element_type=\"widget\" data-widget_type=\"spacer.default\">\n\t\t\t\t<div class=\"elementor-widget-container\">\n\t\t\t\t\t\t\t<div class=\"elementor-spacer\">\n\t\t\t<div class=\"elementor-spacer-inner\"><\/div>\n\t\t<\/div>\n\t\t\t\t\t\t<\/div>\n\t\t\t\t<\/div>\n\t\t\t\t\t<\/div>\n\t\t\t\t<\/div>\n\t\t<div class=\"elementor-element elementor-element-3be0d42 e-flex e-con-boxed parallax_section_no qode_elementor_container_no e-con e-parent\" data-id=\"3be0d42\" data-element_type=\"container\">\n\t\t\t\t\t<div class=\"e-con-inner\">\n\t\t\t\t<div class=\"elementor-element elementor-element-210e50a elementor-widget elementor-widget-text-editor\" data-id=\"210e50a\" data-element_type=\"widget\" data-widget_type=\"text-editor.default\">\n\t\t\t\t<div class=\"elementor-widget-container\">\n\t\t\t\t\t\t\t\t\t<h4>Quelques exemples de validation et cr\u00e9ation<\/h4>\t\t\t\t\t\t\t\t<\/div>\n\t\t\t\t<\/div>\n\t\t\t\t\t<\/div>\n\t\t\t\t<\/div>\n\t\t<div class=\"elementor-element elementor-element-679d757 e-flex e-con-boxed parallax_section_no qode_elementor_container_no e-con e-parent\" data-id=\"679d757\" data-element_type=\"container\">\n\t\t\t\t\t<div class=\"e-con-inner\">\n\t\t\t\t<div class=\"elementor-element elementor-element-22ecab9 elementor-widget elementor-widget-qi_addons_for_elementor_testimonials_slider\" data-id=\"22ecab9\" data-element_type=\"widget\" data-widget_type=\"qi_addons_for_elementor_testimonials_slider.default\">\n\t\t\t\t<div class=\"elementor-widget-container\">\n\t\t\t\t\t<div class=\"qodef-shortcode qodef-m  qodef-qi-testimonials-slider qodef--swiper-fade qodef-qi-grid qodef-qi-swiper-container qodef-item-layout--boxed qodef-navigation--inside  qodef-pagination--inside    qodef-navigation--hover-move\" data-options=\"{&quot;direction&quot;:&quot;horizontal&quot;,&quot;slidesPerView&quot;:&quot;1&quot;,&quot;spaceBetween&quot;:30,&quot;spaceBetweenTablet&quot;:30,&quot;spaceBetweenMobile&quot;:30,&quot;effect&quot;:&quot;&quot;,&quot;loop&quot;:true,&quot;autoplay&quot;:true,&quot;centeredSlides&quot;:false,&quot;speed&quot;:&quot;6000&quot;,&quot;speedAnimation&quot;:&quot;&quot;,&quot;outsideNavigation&quot;:&quot;no&quot;,&quot;outsidePagination&quot;:&quot;no&quot;,&quot;unique&quot;:&quot;1&quot;,&quot;partialValue&quot;:0,&quot;disablePartialValue&quot;:&quot;&quot;,&quot;parallax&quot;:&quot;no&quot;}\">\n\t<div class=\"swiper-wrapper\">\n\t\t<div class=\"qodef-e swiper-slide elementor-repeater-item-ecffcaa\">\n\t<div class=\"qodef-e-inner\">\n\t\t<div class=\"qodef-e-top\">\n\t\t\t\t<div class=\"qodef-e-media-image\">\n\t\t<img fetchpriority=\"high\" decoding=\"async\" width=\"2048\" height=\"1536\" src=\"https:\/\/simonpotier.fr\/wp-content\/uploads\/2024\/09\/Panneaux-LADU.jpg\" class=\"attachment-full size-full\" alt=\"\" srcset=\"https:\/\/simonpotier.fr\/wp-content\/uploads\/2024\/09\/Panneaux-LADU.jpg 2048w, https:\/\/simonpotier.fr\/wp-content\/uploads\/2024\/09\/Panneaux-LADU-300x225.jpg 300w, https:\/\/simonpotier.fr\/wp-content\/uploads\/2024\/09\/Panneaux-LADU-1024x768.jpg 1024w, https:\/\/simonpotier.fr\/wp-content\/uploads\/2024\/09\/Panneaux-LADU-768x576.jpg 768w, https:\/\/simonpotier.fr\/wp-content\/uploads\/2024\/09\/Panneaux-LADU-1536x1152.jpg 1536w, https:\/\/simonpotier.fr\/wp-content\/uploads\/2024\/09\/Panneaux-LADU-800x600.jpg 800w, https:\/\/simonpotier.fr\/wp-content\/uploads\/2024\/09\/Panneaux-LADU-700x525.jpg 700w\" sizes=\"(max-width: 2048px) 100vw, 2048px\" \/>\t<\/div>\n\t\t\t\t<div class=\"qodef-e-quote\">\n\t\t<svg class=\"qodef-e-quote-icon\" xmlns=\"http:\/\/www.w3.org\/2000\/svg\" x=\"0px\" y=\"0px\" viewBox=\"0 0 190.5 148\" xml:space=\"preserve\"><g><path d=\"M37.7,146.3L2.1,124.6C19.3,100,28.2,74.1,28.8,46.7V2.3H90v38.8c0,19.3-5,38.8-15.1,58.4C64.9,119,52.5,134.6,37.7,146.3z M133.7,146.3l-35.6-21.7c17.2-24.5,26.2-50.5,26.8-77.9V2.3h61.2v38.8c0,19.3-5,38.8-15.1,58.4C160.9,119,148.5,134.6,133.7,146.3z\"\/><\/g><\/svg>\t<\/div>\n\t\t\t<\/div>\n\t\t<div class=\"qodef-e-content\">\n\t\t\t\t\t\t\t<h4 itemprop=\"description\" class=\"qodef-e-text\">Cr\u00e9ation d&#039;un contenu scientifique et du visuel de panneaux p\u00e9dagogiques sur les rapaces<\/h4>\n\t\t\t\t<div class=\"qodef-e-author\">\n\t\t<p class=\"qodef-e-author-name\">Les Ailes de l&#039;Urga<\/p>\n\t\t\t<\/div>\n\t\t<\/div>\n\t<\/div>\n<\/div>\n<div class=\"qodef-e swiper-slide elementor-repeater-item-628b545\">\n\t<div class=\"qodef-e-inner\">\n\t\t<div class=\"qodef-e-top\">\n\t\t\t\t<div class=\"qodef-e-media-image\">\n\t\t<img decoding=\"async\" width=\"1536\" height=\"1315\" src=\"https:\/\/simonpotier.fr\/wp-content\/uploads\/2024\/09\/Panneau-vautours-Geants-du-Ciel-2.jpg\" class=\"attachment-full size-full\" alt=\"\" srcset=\"https:\/\/simonpotier.fr\/wp-content\/uploads\/2024\/09\/Panneau-vautours-Geants-du-Ciel-2.jpg 1536w, https:\/\/simonpotier.fr\/wp-content\/uploads\/2024\/09\/Panneau-vautours-Geants-du-Ciel-2-300x257.jpg 300w, https:\/\/simonpotier.fr\/wp-content\/uploads\/2024\/09\/Panneau-vautours-Geants-du-Ciel-2-1024x877.jpg 1024w, https:\/\/simonpotier.fr\/wp-content\/uploads\/2024\/09\/Panneau-vautours-Geants-du-Ciel-2-768x658.jpg 768w, https:\/\/simonpotier.fr\/wp-content\/uploads\/2024\/09\/Panneau-vautours-Geants-du-Ciel-2-700x599.jpg 700w\" sizes=\"(max-width: 1536px) 100vw, 1536px\" \/>\t<\/div>\n\t\t\t\t<div class=\"qodef-e-quote\">\n\t\t<svg class=\"qodef-e-quote-icon\" xmlns=\"http:\/\/www.w3.org\/2000\/svg\" x=\"0px\" y=\"0px\" viewBox=\"0 0 190.5 148\" xml:space=\"preserve\"><g><path d=\"M37.7,146.3L2.1,124.6C19.3,100,28.2,74.1,28.8,46.7V2.3H90v38.8c0,19.3-5,38.8-15.1,58.4C64.9,119,52.5,134.6,37.7,146.3z M133.7,146.3l-35.6-21.7c17.2-24.5,26.2-50.5,26.8-77.9V2.3h61.2v38.8c0,19.3-5,38.8-15.1,58.4C160.9,119,148.5,134.6,133.7,146.3z\"\/><\/g><\/svg>\t<\/div>\n\t\t\t<\/div>\n\t\t<div class=\"qodef-e-content\">\n\t\t\t\t\t\t\t<h4 itemprop=\"description\" class=\"qodef-e-text\">Cr\u00e9ation d&#039;un contenu scientifique et du visuel d&#039;un panneau p\u00e9dagogique sur les vautours<\/h4>\n\t\t\t\t<div class=\"qodef-e-author\">\n\t\t<p class=\"qodef-e-author-name\">Les G\u00e9ants du Ciel<\/p>\n\t\t\t<\/div>\n\t\t<\/div>\n\t<\/div>\n<\/div>\n<div class=\"qodef-e swiper-slide elementor-repeater-item-4ee9b21\">\n\t<div class=\"qodef-e-inner\">\n\t\t<div class=\"qodef-e-top\">\n\t\t\t\t<div class=\"qodef-e-media-image\">\n\t\t<img decoding=\"async\" width=\"605\" height=\"805\" src=\"https:\/\/simonpotier.fr\/wp-content\/uploads\/2023\/10\/Support_2.png\" class=\"attachment-full size-full\" alt=\"\" srcset=\"https:\/\/simonpotier.fr\/wp-content\/uploads\/2023\/10\/Support_2.png 605w, https:\/\/simonpotier.fr\/wp-content\/uploads\/2023\/10\/Support_2-225x300.png 225w\" sizes=\"(max-width: 605px) 100vw, 605px\" \/>\t<\/div>\n\t\t\t\t<div class=\"qodef-e-quote\">\n\t\t<svg class=\"qodef-e-quote-icon\" xmlns=\"http:\/\/www.w3.org\/2000\/svg\" x=\"0px\" y=\"0px\" viewBox=\"0 0 190.5 148\" xml:space=\"preserve\"><g><path d=\"M37.7,146.3L2.1,124.6C19.3,100,28.2,74.1,28.8,46.7V2.3H90v38.8c0,19.3-5,38.8-15.1,58.4C64.9,119,52.5,134.6,37.7,146.3z M133.7,146.3l-35.6-21.7c17.2-24.5,26.2-50.5,26.8-77.9V2.3h61.2v38.8c0,19.3-5,38.8-15.1,58.4C160.9,119,148.5,134.6,133.7,146.3z\"\/><\/g><\/svg>\t<\/div>\n\t\t\t<\/div>\n\t\t<div class=\"qodef-e-content\">\n\t\t\t\t\t\t\t<h4 itemprop=\"description\" class=\"qodef-e-text\">Cr\u00e9ation d&#039;un contenu scientifique et du visuel d&#039;une plaquette.<\/h4>\n\t\t\t\t<div class=\"qodef-e-author\">\n\t\t<p class=\"qodef-e-author-name\">Association des Voleries Mobiles<\/p>\n\t\t\t<\/div>\n\t\t<\/div>\n\t<\/div>\n<\/div>\n<div class=\"qodef-e swiper-slide elementor-repeater-item-e89076b\">\n\t<div class=\"qodef-e-inner\">\n\t\t<div class=\"qodef-e-top\">\n\t\t\t\t<div class=\"qodef-e-media-image\">\n\t\t<img loading=\"lazy\" decoding=\"async\" width=\"508\" height=\"720\" src=\"https:\/\/simonpotier.fr\/wp-content\/uploads\/2024\/09\/Plaquette-conservation.jpg\" class=\"attachment-full size-full\" alt=\"\" srcset=\"https:\/\/simonpotier.fr\/wp-content\/uploads\/2024\/09\/Plaquette-conservation.jpg 508w, https:\/\/simonpotier.fr\/wp-content\/uploads\/2024\/09\/Plaquette-conservation-212x300.jpg 212w\" sizes=\"(max-width: 508px) 100vw, 508px\" \/>\t<\/div>\n\t\t\t\t<div class=\"qodef-e-quote\">\n\t\t<svg class=\"qodef-e-quote-icon\" xmlns=\"http:\/\/www.w3.org\/2000\/svg\" x=\"0px\" y=\"0px\" viewBox=\"0 0 190.5 148\" xml:space=\"preserve\"><g><path d=\"M37.7,146.3L2.1,124.6C19.3,100,28.2,74.1,28.8,46.7V2.3H90v38.8c0,19.3-5,38.8-15.1,58.4C64.9,119,52.5,134.6,37.7,146.3z M133.7,146.3l-35.6-21.7c17.2-24.5,26.2-50.5,26.8-77.9V2.3h61.2v38.8c0,19.3-5,38.8-15.1,58.4C160.9,119,148.5,134.6,133.7,146.3z\"\/><\/g><\/svg>\t<\/div>\n\t\t\t<\/div>\n\t\t<div class=\"qodef-e-content\">\n\t\t\t\t\t\t\t<h4 itemprop=\"description\" class=\"qodef-e-text\">Cr\u00e9ation d&#039;un contenu scientifique et du visuel d&#039;une plaquette.<\/h4>\n\t\t\t\t<div class=\"qodef-e-author\">\n\t\t<p class=\"qodef-e-author-name\">Association des Voleries Mobiles<\/p>\n\t\t\t<\/div>\n\t\t<\/div>\n\t<\/div>\n<\/div>\n<div class=\"qodef-e swiper-slide elementor-repeater-item-b8831fa\">\n\t<div class=\"qodef-e-inner\">\n\t\t<div class=\"qodef-e-top\">\n\t\t\t\t<div class=\"qodef-e-media-image\">\n\t\t<img loading=\"lazy\" decoding=\"async\" width=\"1024\" height=\"768\" src=\"https:\/\/simonpotier.fr\/wp-content\/uploads\/2023\/10\/8545952E-2890-4A1E-9AA4-FB80D9917D93_1_105_c.jpeg\" class=\"attachment-full size-full\" alt=\"\" srcset=\"https:\/\/simonpotier.fr\/wp-content\/uploads\/2023\/10\/8545952E-2890-4A1E-9AA4-FB80D9917D93_1_105_c.jpeg 1024w, https:\/\/simonpotier.fr\/wp-content\/uploads\/2023\/10\/8545952E-2890-4A1E-9AA4-FB80D9917D93_1_105_c-300x225.jpeg 300w, https:\/\/simonpotier.fr\/wp-content\/uploads\/2023\/10\/8545952E-2890-4A1E-9AA4-FB80D9917D93_1_105_c-768x576.jpeg 768w, https:\/\/simonpotier.fr\/wp-content\/uploads\/2023\/10\/8545952E-2890-4A1E-9AA4-FB80D9917D93_1_105_c-800x600.jpeg 800w, https:\/\/simonpotier.fr\/wp-content\/uploads\/2023\/10\/8545952E-2890-4A1E-9AA4-FB80D9917D93_1_105_c-700x525.jpeg 700w\" sizes=\"(max-width: 1024px) 100vw, 1024px\" \/>\t<\/div>\n\t\t\t\t<div class=\"qodef-e-quote\">\n\t\t<svg class=\"qodef-e-quote-icon\" xmlns=\"http:\/\/www.w3.org\/2000\/svg\" x=\"0px\" y=\"0px\" viewBox=\"0 0 190.5 148\" xml:space=\"preserve\"><g><path d=\"M37.7,146.3L2.1,124.6C19.3,100,28.2,74.1,28.8,46.7V2.3H90v38.8c0,19.3-5,38.8-15.1,58.4C64.9,119,52.5,134.6,37.7,146.3z M133.7,146.3l-35.6-21.7c17.2-24.5,26.2-50.5,26.8-77.9V2.3h61.2v38.8c0,19.3-5,38.8-15.1,58.4C160.9,119,148.5,134.6,133.7,146.3z\"\/><\/g><\/svg>\t<\/div>\n\t\t\t<\/div>\n\t\t<div class=\"qodef-e-content\">\n\t\t\t\t\t\t\t<h4 itemprop=\"description\" class=\"qodef-e-text\">Cr\u00e9ation d&#039;un contenu scientifique pour un panneau p\u00e9dagogique sur les oiseaux<\/h4>\n\t\t\t\t<div class=\"qodef-e-author\">\n\t\t<p class=\"qodef-e-author-name\">Puy du Fou France<\/p>\n\t\t\t<\/div>\n\t\t<\/div>\n\t<\/div>\n<\/div>\n<div class=\"qodef-e swiper-slide elementor-repeater-item-cebaa27\">\n\t<div class=\"qodef-e-inner\">\n\t\t<div class=\"qodef-e-top\">\n\t\t\t\t<div class=\"qodef-e-media-image\">\n\t\t<img loading=\"lazy\" decoding=\"async\" width=\"1920\" height=\"1371\" src=\"https:\/\/simonpotier.fr\/wp-content\/uploads\/2023\/10\/Passion-de-roy.jpg\" class=\"attachment-full size-full\" alt=\"\" srcset=\"https:\/\/simonpotier.fr\/wp-content\/uploads\/2023\/10\/Passion-de-roy.jpg 1920w, https:\/\/simonpotier.fr\/wp-content\/uploads\/2023\/10\/Passion-de-roy-300x214.jpg 300w, https:\/\/simonpotier.fr\/wp-content\/uploads\/2023\/10\/Passion-de-roy-1024x731.jpg 1024w, https:\/\/simonpotier.fr\/wp-content\/uploads\/2023\/10\/Passion-de-roy-768x548.jpg 768w, https:\/\/simonpotier.fr\/wp-content\/uploads\/2023\/10\/Passion-de-roy-1536x1097.jpg 1536w, https:\/\/simonpotier.fr\/wp-content\/uploads\/2023\/10\/Passion-de-roy-700x500.jpg 700w\" sizes=\"(max-width: 1920px) 100vw, 1920px\" \/>\t<\/div>\n\t\t\t\t<div class=\"qodef-e-quote\">\n\t\t<svg class=\"qodef-e-quote-icon\" xmlns=\"http:\/\/www.w3.org\/2000\/svg\" x=\"0px\" y=\"0px\" viewBox=\"0 0 190.5 148\" xml:space=\"preserve\"><g><path d=\"M37.7,146.3L2.1,124.6C19.3,100,28.2,74.1,28.8,46.7V2.3H90v38.8c0,19.3-5,38.8-15.1,58.4C64.9,119,52.5,134.6,37.7,146.3z M133.7,146.3l-35.6-21.7c17.2-24.5,26.2-50.5,26.8-77.9V2.3h61.2v38.8c0,19.3-5,38.8-15.1,58.4C160.9,119,148.5,134.6,133.7,146.3z\"\/><\/g><\/svg>\t<\/div>\n\t\t\t<\/div>\n\t\t<div class=\"qodef-e-content\">\n\t\t\t\t\t\t\t<h4 itemprop=\"description\" class=\"qodef-e-text\">Validation du contenu scientifique<\/h4>\n\t\t\t\t<div class=\"qodef-e-author\">\n\t\t<p class=\"qodef-e-author-name\">Passion de Roy<\/p>\n\t\t\t<\/div>\n\t\t<\/div>\n\t<\/div>\n<\/div>\n\t<\/div>\n\t\t<div class=\"swiper-button-prev\"><svg class=\"qodef-swiper-arrow-left\" xmlns=\"http:\/\/www.w3.org\/2000\/svg\" x=\"0px\" y=\"0px\" viewBox=\"0 0 34.2 32.3\" xml:space=\"preserve\" style=\"stroke-width: 2;\"><line x1=\"0.5\" y1=\"16\" x2=\"33.5\" y2=\"16\"\/><line x1=\"0.3\" y1=\"16.5\" x2=\"16.2\" y2=\"0.7\"\/><line x1=\"0\" y1=\"15.4\" x2=\"16.2\" y2=\"31.6\"\/><\/svg><\/div>\n\t<div class=\"swiper-button-next\"><svg class=\"qodef-swiper-arrow-right\" xmlns=\"http:\/\/www.w3.org\/2000\/svg\" x=\"0px\" y=\"0px\" viewBox=\"0 0 34.2 32.3\" xml:space=\"preserve\" style=\"stroke-width: 2;\"><line x1=\"0\" y1=\"16\" x2=\"33\" y2=\"16\"\/><line x1=\"17.3\" y1=\"0.7\" x2=\"33.2\" y2=\"16.5\"\/><line x1=\"17.3\" y1=\"31.6\" x2=\"33.5\" y2=\"15.4\"\/><\/svg><\/div>\n\t<div class=\"swiper-pagination\"><\/div>\n<\/div>\n\t\t\t\t<\/div>\n\t\t\t\t<\/div>\n\t\t\t\t\t<\/div>\n\t\t\t\t<\/div>\n\t\t<div class=\"elementor-element elementor-element-bf321bb e-flex e-con-boxed parallax_section_no qode_elementor_container_no e-con e-parent\" data-id=\"bf321bb\" data-element_type=\"container\">\n\t\t\t\t\t<div class=\"e-con-inner\">\n\t\t\t\t<div class=\"elementor-element elementor-element-e94e9dc elementor-align-center elementor-widget elementor-widget-button\" data-id=\"e94e9dc\" data-element_type=\"widget\" data-widget_type=\"button.default\">\n\t\t\t\t<div class=\"elementor-widget-container\">\n\t\t\t\t\t\t\t\t\t<div class=\"elementor-button-wrapper\">\n\t\t\t\t\t<a class=\"elementor-button elementor-button-link elementor-size-sm\" href=\"http:\/\/simonpotier.fr\/index.php\/contact-us\/\" target=\"_blank\">\n\t\t\t\t\t\t<span class=\"elementor-button-content-wrapper\">\n\t\t\t\t\t\t\t\t\t<span class=\"elementor-button-text\">Demandez un devis<\/span>\n\t\t\t\t\t<\/span>\n\t\t\t\t\t<\/a>\n\t\t\t\t<\/div>\n\t\t\t\t\t\t\t\t<\/div>\n\t\t\t\t<\/div>\n\t\t\t\t\t<\/div>\n\t\t\t\t<\/div>\n\t\t<div class=\"elementor-element elementor-element-e786500 e-flex e-con-boxed parallax_section_no qode_elementor_container_no e-con e-parent\" data-id=\"e786500\" data-element_type=\"container\">\n\t\t\t\t\t<div class=\"e-con-inner\">\n\t\t\t\t<div class=\"elementor-element elementor-element-f21882f elementor-align-right elementor-widget elementor-widget-button\" data-id=\"f21882f\" data-element_type=\"widget\" data-widget_type=\"button.default\">\n\t\t\t\t<div class=\"elementor-widget-container\">\n\t\t\t\t\t\t\t\t\t<div class=\"elementor-button-wrapper\">\n\t\t\t\t\t<a class=\"elementor-button elementor-button-link elementor-size-sm\" href=\"http:\/\/simonpotier.fr\/\">\n\t\t\t\t\t\t<span class=\"elementor-button-content-wrapper\">\n\t\t\t\t\t\t<span class=\"elementor-button-icon\">\n\t\t\t\t<i aria-hidden=\"true\" class=\"far fa-arrow-alt-circle-left\"><\/i>\t\t\t<\/span>\n\t\t\t\t\t\t\t\t\t<span class=\"elementor-button-text\">Retour<\/span>\n\t\t\t\t\t<\/span>\n\t\t\t\t\t<\/a>\n\t\t\t\t<\/div>\n\t\t\t\t\t\t\t\t<\/div>\n\t\t\t\t<\/div>\n\t\t\t\t\t<\/div>\n\t\t\t\t<\/div>\n\t\t<div class=\"elementor-element elementor-element-8679a93 e-flex e-con-boxed parallax_section_no qode_elementor_container_no e-con e-parent\" data-id=\"8679a93\" data-element_type=\"container\">\n\t\t\t\t\t<div class=\"e-con-inner\">\n\t\t\t\t<div class=\"elementor-element elementor-element-d4025c1 elementor-widget elementor-widget-spacer\" data-id=\"d4025c1\" data-element_type=\"widget\" data-widget_type=\"spacer.default\">\n\t\t\t\t<div class=\"elementor-widget-container\">\n\t\t\t\t\t\t\t<div class=\"elementor-spacer\">\n\t\t\t<div class=\"elementor-spacer-inner\"><\/div>\n\t\t<\/div>\n\t\t\t\t\t\t<\/div>\n\t\t\t\t<\/div>\n\t\t\t\t\t<\/div>\n\t\t\t\t<\/div>\n\t\t\t\t<\/div>\n\t\t","protected":false},"excerpt":{"rendered":"<p>Des supports p\u00e9dagogiques valid\u00e9s scientifiquement ! De la validation \u00e0 la cr\u00e9ation La p\u00e9dagogie est l&#8217;une des 3 missions importantes des \u00e9tablissements zoologiques. Cette p\u00e9dagogique peut-\u00eatre orale ou \u00e9crite. Dans le cas de la p\u00e9dagogie \u00e9crite, des panneaux p\u00e9dagogiques peuvent \u00eatre dispos\u00e9s pour pr\u00e9senter des&#8230;<\/p>\n","protected":false},"author":1,"featured_media":0,"parent":0,"menu_order":0,"comment_status":"closed","ping_status":"closed","template":"","meta":{"content-type":"","footnotes":""},"class_list":["post-1401","page","type-page","status-publish","hentry"],"_links":{"self":[{"href":"https:\/\/simonpotier.fr\/index.php\/wp-json\/wp\/v2\/pages\/1401","targetHints":{"allow":["GET"]}}],"collection":[{"href":"https:\/\/simonpotier.fr\/index.php\/wp-json\/wp\/v2\/pages"}],"about":[{"href":"https:\/\/simonpotier.fr\/index.php\/wp-json\/wp\/v2\/types\/page"}],"author":[{"embeddable":true,"href":"https:\/\/simonpotier.fr\/index.php\/wp-json\/wp\/v2\/users\/1"}],"replies":[{"embeddable":true,"href":"https:\/\/simonpotier.fr\/index.php\/wp-json\/wp\/v2\/comments?post=1401"}],"version-history":[{"count":25,"href":"https:\/\/simonpotier.fr\/index.php\/wp-json\/wp\/v2\/pages\/1401\/revisions"}],"predecessor-version":[{"id":2196,"href":"https:\/\/simonpotier.fr\/index.php\/wp-json\/wp\/v2\/pages\/1401\/revisions\/2196"}],"wp:attachment":[{"href":"https:\/\/simonpotier.fr\/index.php\/wp-json\/wp\/v2\/media?parent=1401"}],"curies":[{"name":"wp","href":"https:\/\/api.w.org\/{rel}","templated":true}]}}